{"id":148,"date":"2016-11-23T11:04:52","date_gmt":"2016-11-23T10:04:52","guid":{"rendered":"http:\/\/www.thomas-dieterich.de\/A_Wordpress\/?page_id=148"},"modified":"2022-07-26T15:00:16","modified_gmt":"2022-07-26T13:00:16","slug":"agb-besenwirtschaft-zum-mostkrug","status":"publish","type":"page","link":"https:\/\/mostkrug.de\/A_Wordpress\/agb-besenwirtschaft-zum-mostkrug\/","title":{"rendered":"AGB Besenwirtschaft Zum Mostkrug"},"content":{"rendered":"<div data-canvas-width=\"70.68055\">AGB<\/div>\n<div data-canvas-width=\"487.38706999999994\">der Besenwirtschaft \u201eZum Mostkrug\u201c, seit 2004<\/div>\n<div data-canvas-width=\"13.39044\">1.<\/div>\n<div data-canvas-width=\"356.79112\">Die Reservierung und Vereinbarung von Lieferungen<\/div>\n<div data-canvas-width=\"290.35629\">und Leistungen werden mit der Best\u00e4tigung durch die Besenwirtschaft \u201eZum Mostkrug\u201c,<\/div>\n<div data-canvas-width=\"290.35629\">f\u00fcr diesessowie den Besteller\/Veranstalter bindend.<\/div>\n<div data-canvas-width=\"699.5946300000004\">Ist der Besteller und der Veranstalter nicht identisch, so kann von der<\/div>\n<div data-canvas-width=\"152.14269000000002\">Besenwirtschaft \u201eZum Mostkrug\u201c eine angemessene Vorauszahlung verlangt werden.<\/div>\n<div data-canvas-width=\"14.34538\">2.<\/div>\n<div data-canvas-width=\"307.24728999999996\">Der Veranstalter\/Besteller mu\u00df der Besenwirtschaft \u201eZum Mostkrug\u201c die endg\u00fcltige<\/div>\n<div data-canvas-width=\"349.8618200000001\">Teilnehmerzahl bis sp\u00e4testens 8 Werktage vor dem Termin der Veranstaltung mitteilen,<\/div>\n<div data-canvas-width=\"306.4945100000001\">um eine sorgf\u00e4ltige Vorbereitung zu sichern.<\/div>\n<div data-canvas-width=\"355.73244000000005\">&nbsp;<\/div>\n<div data-canvas-width=\"355.73244000000005\"><strong>&#8222;No Show\u201c<\/strong>, Gast erscheint nicht oder sagt nicht rechtzeitig ab (Pers\u00f6nlich, email, Telefon, Fax).<\/div>\n<div data-canvas-width=\"355.73244000000005\">Anzahl der G\u00e4ste&nbsp; bis 5&nbsp;&nbsp;&nbsp;&nbsp;&nbsp;&nbsp;&nbsp; Absage bis&nbsp;&nbsp; 5 Stunden vor dem Termin keine Stornogeb\u00fchren. Danach 30% vom erwartetem Umsatz<\/div>\n<div data-canvas-width=\"355.73244000000005\">\n<div data-canvas-width=\"355.73244000000005\">Anzahl der G\u00e4ste 6 bis 10&nbsp;&nbsp;&nbsp; Absage bis 24 Stunden vor dem Termin keine Stornogeb\u00fchren. Danach 60% vom erwartetem Umsatz<\/div>\n<div data-canvas-width=\"355.73244000000005\">Anzahl der G\u00e4ste 11 bis 20&nbsp; Absage 3 Kalendertage vor dem Termin keine Stornogeb\u00fchren. Danach 70% vom erwartetem Umsatz<\/div>\n<\/div>\n<div data-canvas-width=\"355.73244000000005\">Anzahl der G\u00e4ste 21 bis 30&nbsp; Absage 6 Kalendertage vor dem Termin keine Stornogeb\u00fchren. Danach 80% vom erwartetem Umsatz<\/div>\n<div data-canvas-width=\"355.73244000000005\">Anzahl der G\u00e4ste \u00fcber 30&nbsp;&nbsp;&nbsp; Absage 8 Kalendertage vor dem Termin keine Stornogeb\u00fchren. Danach 90% vom erwartetem Umsatz<\/div>\n<div data-canvas-width=\"355.73244000000005\">&nbsp;<\/div>\n<div data-canvas-width=\"355.73244000000005\">Abweichungen der Teilnehmerzahl nach unten gegen\u00fcber der urspr\u00fcnglich vereinbarten Zahl,<\/div>\n<div data-canvas-width=\"340.5278799999999\">werden bis max. 5% ber\u00fccksichtigt und der Abrechnung zugrunde gelegt; dar\u00fcber hinaus<\/div>\n<div data-canvas-width=\"315.0371\">gehende Abweichungen nach unten k\u00f6nnen nicht ber\u00fccksichtigt werden und gehen zu<\/div>\n<div data-canvas-width=\"283.33389\">Lasten des Veranstalters\/Bestellers.<\/div>\n<div data-canvas-width=\"325.94842\">Bei Abweichungen der Teilnehmerzahl nachoben wird der Abrechnung die tats\u00e4chliche<\/div>\n<div data-canvas-width=\"309.491\">Teilnehmerzahl zugrunde gelegt. Um eine sorgf\u00e4ltige Vorbereitung zu gew\u00e4hrleisten,<\/div>\n<div data-canvas-width=\"87.24401000000002\">bed\u00fcrfen \u00dcberschreitungen der vorherigen Absprache mit der Besenwirtschaft \u201eZumMostkrug\u201c.<\/div>\n<div data-canvas-width=\"13.39044\">3.<\/div>\n<div data-canvas-width=\"159.53882000000002\">Der Besteller \/ Veranstalter darf Speisen und Getr\u00e4nke grunds\u00e4tzlich nicht mitbringen.<\/div>\n<div data-canvas-width=\"170.73874999999995\">In Sonderf\u00e4llen (nationale Spezialit\u00e4ten etc.) kann dar\u00fcber eine schriftliche Vereinbarung<\/div>\n<div data-canvas-width=\"281.65542999999997\">getroffen werden, in diesen F\u00e4llen wird eine Servicegeb\u00fchr bzw. ein Deckungsbeitrag (\u201eKorkgeld\u201c) berechnet.<\/div>\n<div data-canvas-width=\"13.39044\">4.<\/div>\n<div data-canvas-width=\"680.7857699999998\">Kann eine Reservierung oder Veranstaltung nicht wahrgenommen \/ durchgef\u00fchrt werden, ohne dass<\/div>\n<div data-canvas-width=\"325.46163999999993\">die Besenwirtschaft \u201eZum Mostkrug\u201c dies zu verantworten hat, so beh\u00e4lt die<\/div>\n<div data-canvas-width=\"682.7555000000002\">Besenwirtschaft \u201eZum Mostkrug\u201c den Anspruch auf Zahlung von Umsatzausfall \/ Miete,<\/div>\n<div data-canvas-width=\"342.88330999999994\">je nach dem, zu welchem Zeitpunkt die Reservierung \/ Veranstaltung aufgehoben wird<\/div>\n<div data-canvas-width=\"230.50628999999998\">und welche zus\u00e4tzlichenLeistungen, insbesondereVerk\u00f6stigung, vorgesehen waren,<\/div>\n<div data-canvas-width=\"438.0554500000001\">hat die Besenwirtschaft \u201eZum Mostkrug\u201c auch Anspruch auf eine<\/div>\n<div data-canvas-width=\"584.97789\">angemessene Verg\u00fctung. Die H\u00f6he der Miete und der Verg\u00fctung ergeben sich aus der<\/div>\n<div data-canvas-width=\"467.7437100000001\">Auftragsbest\u00e4tigung der Besenwirtschaft \u201eZum Mostkrug\u201c.<\/div>\n<div data-canvas-width=\"313.04210000000006\">Dem Besteller \/ Veranstalter bleibtvorbehalten, einen geringeren Schaden der<\/div>\n<div data-canvas-width=\"310.29963999999995\">Besenwirtschaft \u201eZum Mostkrug\u201c nachzuweisen.<\/div>\n<div data-canvas-width=\"13.39044\">5.<\/div>\n<div data-canvas-width=\"277.16269\">Die \u00dcberlassung von Zubeh\u00f6r (s.o.) begr\u00fcndetein Mietverh\u00e4ltnis. Eine Weitergabe oder<\/div>\n<div data-canvas-width=\"674.4562999999998\">Weitervermietung bedarf der schriftlichen Genehmigung durch die Besenwirtschaft \u201eZum Mostkrug\u201c<\/div>\n<div data-canvas-width=\"13.39044\">6.<\/div>\n<div data-canvas-width=\"415.51993\">Die Geb\u00fchr f\u00fcr die \u00dcberlassung des Zubeh\u00f6rs gilt f\u00fcr 3 Tage.<\/div>\n<div data-canvas-width=\"13.39044\">7.<\/div>\n<div data-canvas-width=\"145.48737000000003\">Der Veranstalter\/Besteller hat gegen\u00fcber der Besenwirtschaft \u201eZum Mostkrug\u201c f\u00fcr Verluste oder<\/div>\n<div data-canvas-width=\"135.77970000000002\">Besch\u00e4digungen, die durch seine Mitarbeiter, sonstigen Hilfskr\u00e4fte sowie durch<\/div>\n<div data-canvas-width=\"402.12816\">Veranstaltungsteilnehmer verursacht worden sind ebenso einzustehen wie f\u00fcr Verluste oder<\/div>\n<div data-canvas-width=\"688.6646900000002\">Besch\u00e4digungen, die er selbst verursacht hat. Es obliegt dem Veranstalter hierf\u00fcr die entsprechenden<\/div>\n<div data-canvas-width=\"329.68439\">Versicherungen abzuschlie\u00dfen. Die Besenwirtschaft \u201eZum Mostkrug\u201c&#8220; kann den Nachweis solcher<\/div>\n<div data-canvas-width=\"184.44040999999996\">Versicherungen verlangen.<\/div>\n<div data-canvas-width=\"13.39044\">8.<\/div>\n<div data-canvas-width=\"297.08209999999997\">Soweit die Besenwirtschaft \u201eZum Mostkrug\u201c f\u00fcr den Veranstalter technische oder sonstige<\/div>\n<div data-canvas-width=\"553.49546\">Einrichtungen von Dritten beschafft, handelt Sie im Namen und f\u00fcr Rechnung des<\/div>\n<div data-canvas-width=\"623.4268600000001\">Veranstalters\/Bestellers. Der Veranstalter\/Besteller haftet f\u00fcr die pflegliche Behandlung und<\/div>\n<div data-canvas-width=\"320.73615000000007\">ordnungsgem\u00e4\u00dfe R\u00fcckgabe dieser Einrichtungen undstellt die Besenwirtschaft \u201eZum Mostkrug\u201c von<\/div>\n<div data-canvas-width=\"226.29019000000002\">allen Anspr\u00fcchen Dritter aus der \u00dcberlassung dieser Einrichtung frei.<\/div>\n<div data-canvas-width=\"13.39044\">9.<\/div>\n<div data-canvas-width=\"318.70391000000006\">Hat die Besenwirtschaft \u201eZum Mostkrug\u201c begr\u00fcndetenAnla\u00df zu der Annahme, da\u00df die Veranstaltung<\/div>\n<div data-canvas-width=\"693.1095500000002\">den reibungslosen Gesch\u00e4ftsbetrieb, die Sicherheit oder den Ruf des Hauses zu gef\u00e4hrden droht, kann<\/div>\n<div data-canvas-width=\"122.85875000000003\">sie die Veranstaltung absagen, ohne das sie zum Schadenersatz verpflichtet ist.<\/div>\n<div data-canvas-width=\"207.99205000000003\">Dies gilt im Fall h\u00f6herer Gewalt entsprechend.<\/div>\n<div data-canvas-width=\"23.84557\">10.<\/div>\n<div data-canvas-width=\"338.6100200000001\">Der Mostkrug schlie\u00dft um 00.00 Uhr. In Ausnahmef\u00e4llen berechnet die Besenwirtschaft<\/div>\n<div data-canvas-width=\"321.13116\">\u201eZum Mostkrug\u201c ab 00.01 Uhr einen Nachtzuschlag von 25,00 EUR zuz\u00fcglich der jeweils<\/div>\n<div data-canvas-width=\"614.6368900000001\">geltenden Mehrwertsteuer pro Mitarbeiter und angefangener Stunde. Die<\/div>\n<div data-canvas-width=\"305.79227\">Veranstaltung ist erst dann beendet, wenn die letzten G\u00e4ste oder Musiker die<\/div>\n<div data-canvas-width=\"337.29331999999994\">R\u00e4umlichkeiten verlassen haben. Der Veranstalter\/Besteller ist angehalten, daf\u00fcr Sorge zu<\/div>\n<div data-canvas-width=\"345.8399\">tragen, dass die Musik sp\u00e4testens um 00.00 Uhr beendet werden sollte, die Veranstaltung<\/div>\n<div data-canvas-width=\"325.3047000000001\">insgesamt sp\u00e4testens um 02.00 Uhr beendet sein muss. Weitergehende Verk\u00fcrzungen der<\/div>\n<div data-canvas-width=\"680.3468699999995\">Sperrzeit m\u00fcssen in jedem Falle vorher vom Veranstalter\/Besteller beantragt werden und<\/div>\n<div data-canvas-width=\"312.7854099999999\">sind kostenpflichtig, wobei die Vertragspartner hierzu eine gesonderte Vereinbarung<\/div>\n<div data-canvas-width=\"80.34928999999998\">schlie\u00dfen.<\/div>\n<div data-canvas-width=\"21.89446\">11.<\/div>\n<div data-canvas-width=\"311.93421\">Schlussbestimmungen: \u00c4nderungen oder Erg\u00e4nzungen sowie Stornierungen des Vertrags oder dieser<\/div>\n<div data-canvas-width=\"146.81072\">Gesch\u00e4ftsbedingungen bed\u00fcrfen der Schriftform sowie einer rechtsg\u00fcltigen Unterschrift.<\/div>\n<div data-canvas-width=\"341.54533\">Dies gilt auchf\u00fcr die Aufhebung dieses Schriftformerfordernisses.<\/div>\n<div data-canvas-width=\"324.0172600000001\">Einseitige \u00c4nderungen oder Erg\u00e4nzungen durch den Veranstalter\/Besteller sind unwirksam.<\/div>\n<div data-canvas-width=\"345.50873\">Sollten einzelne Bestimmungen dieser Allgemeinen Gesch\u00e4ftsbedingungen unwirksam oder nichtig sein<\/div>\n<div data-canvas-width=\"341.9323599999999\">, so wird dadurch die Wirksamkeit der \u00fcbrigen Bestimmungen nicht ber\u00fchrt.<\/div>\n<div data-canvas-width=\"155.99702999999997\">Die Parteien werden unwirksame Bestimmungen durch solche ersetzen,<\/div>\n<div data-canvas-width=\"404.1058699999999\">die dem angestrebten wirtschaftlichen Zweck m\u00f6glichst nahekommen.<\/div>\n<div data-canvas-width=\"569.7520499999999\">Erf\u00fcllungs- und Zahlungsort ist der Sitz des Unternehmens. Es gilt deutsches Recht.<\/div>\n","protected":false},"excerpt":{"rendered":"<p>AGB der Besenwirtschaft \u201eZum Mostkrug\u201c, seit 2004 1. Die Reservierung und Vereinbarung von Lieferungen und Leistungen werden mit der Best\u00e4tigung durch die Besenwirtschaft \u201eZum Mostkrug\u201c, f\u00fcr diesessowie den Besteller\/Veranstalter bindend. Ist der Besteller und der Veranstalter nicht identisch, so kann<\/p>\n","protected":false},"author":1,"featured_media":0,"parent":0,"menu_order":0,"comment_status":"closed","ping_status":"closed","template":"","meta":{"ngg_post_thumbnail":0},"jetpack_sharing_enabled":true,"jetpack_shortlink":"https:\/\/wp.me\/P88xua-2o","_links":{"self":[{"href":"https:\/\/mostkrug.de\/A_Wordpress\/wp-json\/wp\/v2\/pages\/148"}],"collection":[{"href":"https:\/\/mostkrug.de\/A_Wordpress\/wp-json\/wp\/v2\/pages"}],"about":[{"href":"https:\/\/mostkrug.de\/A_Wordpress\/wp-json\/wp\/v2\/types\/page"}],"author":[{"embeddable":true,"href":"https:\/\/mostkrug.de\/A_Wordpress\/wp-json\/wp\/v2\/users\/1"}],"replies":[{"embeddable":true,"href":"https:\/\/mostkrug.de\/A_Wordpress\/wp-json\/wp\/v2\/comments?post=148"}],"version-history":[{"count":0,"href":"https:\/\/mostkrug.de\/A_Wordpress\/wp-json\/wp\/v2\/pages\/148\/revisions"}],"wp:attachment":[{"href":"https:\/\/mostkrug.de\/A_Wordpress\/wp-json\/wp\/v2\/media?parent=148"}],"curies":[{"name":"wp","href":"https:\/\/api.w.org\/{rel}","templated":true}]}}