{"id":392,"date":"2016-12-03T16:18:52","date_gmt":"2016-12-03T15:18:52","guid":{"rendered":"http:\/\/www.thomas-dieterich.de\/A_Wordpress\/?page_id=392"},"modified":"2023-08-19T11:44:34","modified_gmt":"2023-08-19T09:44:34","slug":"newsletter","status":"publish","type":"page","link":"https:\/\/mostkrug.de\/A_Wordpress\/newsletter\/","title":{"rendered":"Newsletter"},"content":{"rendered":"<p><strong>Hier k\u00f6nnen Sie den Newsletter abonnieren oder sich vom Newsletter abmelden<\/strong><\/p>\n<p><strong>Zum Newsletter anmelden<\/strong><br \/>\n<iframe style=\"width: 100%; border-width: 0px; background-color: #ffffff; height: 215px;\" src=\"https:\/\/ionos-3kse2bmbl.sendserver.email\/hp\/AMVRuIUKnEXRFuCmncqpFQ\/signup\"><\/iframe><\/p>\n<p><span style=\"color: #333333;\">Wenn es <a style=\"color: #333333;\" href=\"http:\/\/mostkrug.de\/newsmailer\/admin\/index.php\" target=\"_blank\" rel=\"noopener noreferrer\">Neuigkeiten<\/a>, Veranstaltungen, Mostfeste&#8230; gibt werde ich diese Termine \u00fcber<\/span><br \/>\n<span style=\"color: #333333;\"> den Newsletter bekanntgeben.<\/span><\/p>\n<p><a href=\"http:\/\/mostkrug.de\/A_Wordpress\/datenschutzerklaerung\/\" target=\"_blank\" rel=\"noopener noreferrer\">Datenschutzerkl\u00e4rung<\/a><\/p>\n<p>&nbsp;<\/p>\n<h2>Datenschutz Newsletter<\/h2>\n<p>Auf Grundlage Ihrer ausdr\u00fccklich erteilten Einwilligung, \u00fcbersenden wir Ihnen regelm\u00e4\u00dfig unseren Newsletter bzw. vergleichbare Informationen per E-Mail an Ihre angegebene E-Mail-Adresse.<\/p>\n<p>F\u00fcr den Empfang des Newsletters ist die Angabe Ihrer E-Mail-Adresse ausreichend. Bei der Anmeldung zum Bezug unseres Newsletters werden die von Ihnen angegebenen Daten ausschlie\u00dflich f\u00fcr diesen Zweck verwendet. Abonnenten k\u00f6nnen auch \u00fcber Umst\u00e4nde per E-Mail informiert werden, die f\u00fcr den Dienst oder die Registrierung relevant sind (Beispielsweise \u00c4nderungen des Newsletterangebots oder technische Gegebenheiten).<\/p>\n<p>F\u00fcr eine wirksame Registrierung ben\u00f6tigen wir eine valide E-Mail-Adresse. Um zu \u00fcberpr\u00fcfen, dass eine Anmeldung tats\u00e4chlich durch den Inhaber einer E-Mail-Adresse erfolgt, setzen wir das \u201eDouble-opt-in\u201c-Verfahren ein. Hierzu protokollieren wir die Bestellung des Newsletters, den Versand einer Best\u00e4tigungsmail und den Eingang der hiermit angeforderten Antwort. Weitere Daten werden nicht erhoben. Die Daten werden ausschlie\u00dflich f\u00fcr den Newsletterversand verwendet und nicht an Dritte weitergegeben.<\/p>\n<p>Die Einwilligung zur Speicherung Ihrer pers\u00f6nlichen Daten und ihrer Nutzung f\u00fcr den Newsletterversand k\u00f6nnen Sie jederzeit widerrufen. In jedem Newsletter findet sich dazu ein entsprechender Link. Au\u00dferdem k\u00f6nnen Sie sich jederzeit auch direkt auf dieser Webseite abmelden oder uns Ihren entsprechenden Wunsch \u00fcber die am Ende dieser Datenschutzhinweise angegebene Kontaktm\u00f6glichkeit mitteilen.<\/p>\n<p><a href=\"mailto:info@mostkrug.de\" target=\"_blank\" rel=\"noopener noreferrer\">info@mostkrug.de<\/a><br \/>\n<input name=\"v124ac2ce6138124v\" type=\"hidden\" value=\"0\"><\/p>\n<p><!-- ### Ende Code ### --><\/p>\n","protected":false},"excerpt":{"rendered":"<p>Hier k\u00f6nnen Sie den Newsletter abonnieren oder sich vom Newsletter abmelden Zum Newsletter anmelden Wenn es Neuigkeiten, Veranstaltungen, Mostfeste&#8230; gibt werde ich diese Termine \u00fcber den Newsletter bekanntgeben. Datenschutzerkl\u00e4rung &nbsp; Datenschutz Newsletter Auf Grundlage Ihrer ausdr\u00fccklich erteilten Einwilligung, \u00fcbersenden wir<\/p>\n","protected":false},"author":1,"featured_media":0,"parent":0,"menu_order":0,"comment_status":"closed","ping_status":"closed","template":"","meta":{"ngg_post_thumbnail":0},"jetpack_sharing_enabled":true,"jetpack_shortlink":"https:\/\/wp.me\/P88xua-6k","_links":{"self":[{"href":"https:\/\/mostkrug.de\/A_Wordpress\/wp-json\/wp\/v2\/pages\/392"}],"collection":[{"href":"https:\/\/mostkrug.de\/A_Wordpress\/wp-json\/wp\/v2\/pages"}],"about":[{"href":"https:\/\/mostkrug.de\/A_Wordpress\/wp-json\/wp\/v2\/types\/page"}],"author":[{"embeddable":true,"href":"https:\/\/mostkrug.de\/A_Wordpress\/wp-json\/wp\/v2\/users\/1"}],"replies":[{"embeddable":true,"href":"https:\/\/mostkrug.de\/A_Wordpress\/wp-json\/wp\/v2\/comments?post=392"}],"version-history":[{"count":4,"href":"https:\/\/mostkrug.de\/A_Wordpress\/wp-json\/wp\/v2\/pages\/392\/revisions"}],"predecessor-version":[{"id":82281,"href":"https:\/\/mostkrug.de\/A_Wordpress\/wp-json\/wp\/v2\/pages\/392\/revisions\/82281"}],"wp:attachment":[{"href":"https:\/\/mostkrug.de\/A_Wordpress\/wp-json\/wp\/v2\/media?parent=392"}],"curies":[{"name":"wp","href":"https:\/\/api.w.org\/{rel}","templated":true}]}}