{"id":5,"date":"2016-11-21T17:20:04","date_gmt":"2016-11-21T16:20:04","guid":{"rendered":"http:\/\/www.thomas-dieterich.de\/A_Wordpress\/?page_id=5"},"modified":"2026-03-16T17:01:27","modified_gmt":"2026-03-16T16:01:27","slug":"herzlich-willkommen","status":"publish","type":"page","link":"https:\/\/mostkrug.de\/A_Wordpress\/herzlich-willkommen\/","title":{"rendered":"Herzlich Willkommen"},"content":{"rendered":"<p><strong><span style=\"font-size: 14pt;\">\u2026besuchen Sie uns &#8211; es lohnt sich!&nbsp; <a href=\"https:\/\/mostkrug.de\/A_Wordpress\/aktuelles\/\">Schauen sie bitte auch in die Seite Aktuelles<\/a><br \/>\n<\/span><\/strong><\/p>\n<div class=\"su-row\">\n<div class=\"su-column su-column-size-1-2\"><div class=\"su-column-inner su-u-clearfix su-u-trim\">\n<p><img decoding=\"async\" loading=\"lazy\" class=\"alignnone wp-image-82304\" src=\"https:\/\/mostkrug.de\/A_Wordpress\/wp-content\/uploads\/2023\/10\/image0-225x300.jpeg\" alt=\"Der Mostkrug im Herbst\" width=\"281\" height=\"374\" srcset=\"https:\/\/mostkrug.de\/A_Wordpress\/wp-content\/uploads\/2023\/10\/image0-225x300.jpeg 225w, https:\/\/mostkrug.de\/A_Wordpress\/wp-content\/uploads\/2023\/10\/image0-768x1024.jpeg 768w, https:\/\/mostkrug.de\/A_Wordpress\/wp-content\/uploads\/2023\/10\/image0-1152x1536.jpeg 1152w, https:\/\/mostkrug.de\/A_Wordpress\/wp-content\/uploads\/2023\/10\/image0-1536x2048.jpeg 1536w, https:\/\/mostkrug.de\/A_Wordpress\/wp-content\/uploads\/2023\/10\/image0-600x800.jpeg 600w, https:\/\/mostkrug.de\/A_Wordpress\/wp-content\/uploads\/2023\/10\/image0-scaled.jpeg 1920w\" sizes=\"(max-width: 281px) 100vw, 281px\" \/><\/p>\n<p><b>Der Mostkrug in Erkenbrechtsweiler seit 2004<\/b><\/p>\n<\/div><\/div>\n<div class=\"su-column su-column-size-1-2\"><div class=\"su-column-inner su-u-clearfix su-u-trim\">\n<p><img decoding=\"async\" loading=\"lazy\" class=\"alignnone wp-image-82715\" src=\"https:\/\/mostkrug.de\/A_Wordpress\/wp-content\/uploads\/2025\/05\/MostkrugTeam-212x300.png\" alt=\"\" width=\"271\" height=\"383\" srcset=\"https:\/\/mostkrug.de\/A_Wordpress\/wp-content\/uploads\/2025\/05\/MostkrugTeam-212x300.png 212w, https:\/\/mostkrug.de\/A_Wordpress\/wp-content\/uploads\/2025\/05\/MostkrugTeam-724x1024.png 724w, https:\/\/mostkrug.de\/A_Wordpress\/wp-content\/uploads\/2025\/05\/MostkrugTeam-768x1086.png 768w, https:\/\/mostkrug.de\/A_Wordpress\/wp-content\/uploads\/2025\/05\/MostkrugTeam-1086x1536.png 1086w, https:\/\/mostkrug.de\/A_Wordpress\/wp-content\/uploads\/2025\/05\/MostkrugTeam-600x849.png 600w, https:\/\/mostkrug.de\/A_Wordpress\/wp-content\/uploads\/2025\/05\/MostkrugTeam.png 1237w\" sizes=\"(max-width: 271px) 100vw, 271px\" \/><\/p>\n<p><b>Hier ist unser Team \u2013 herzlich &amp; hilfsbereit<\/b><\/p>\n<\/div><\/div>\n<div class=\"su-column su-column-size-1-2\"><div class=\"su-column-inner su-u-clearfix su-u-trim\">\n<\/div><\/div>\n<\/div>\n<p><strong>Ein altes<span style=\"color: #000000;\"> Bauernhaus<\/span> ist<span style=\"color: #000000;\"> wiede<a href=\"https:\/\/mostkrug.de\/A_Wordpress\/falkencam-im-kirchturm-in-erkenbrechtsweiler\/\">r <\/a><\/span>zum&nbsp;<span style=\"color: #000000;\">Leben<\/span> erwacht\u2026<\/strong><\/p>\n<div class=\"su-row\">\n<div class=\"su-column su-column-size-1-4\"><div class=\"su-column-inner su-u-clearfix su-u-trim\"> <\/div><\/div>\n<div class=\"su-column su-column-size-1-4\"><div class=\"su-column-inner su-u-clearfix su-u-trim\"> <strong><a href=\"http:\/\/mostkrug.de\/A_Wordpress\/feiern-im-mostkrug\/\" target=\"_blank\" rel=\"noopener noreferrer\">Ihre Feier im Mostkrug<\/a><\/strong> <\/div><\/div>\n<div class=\"su-column su-column-size-1-4\"><div class=\"su-column-inner su-u-clearfix su-u-trim\"> <a href=\"https:\/\/mostkrug.de\/A_Wordpress\/essen-und-trinken\/\" target=\"_blank\" rel=\"noopener noreferrer\"><strong>Essen und Trinken<\/strong><\/a> \/ <a href=\"https:\/\/mostkrug.de\/A_Wordpress\/bezahlmoeglichkeiten-2\/\" target=\"_blank\" rel=\"noopener\">Bezahlm\u00f6glichkeiten<\/a> <\/div><\/div>\n<div class=\"su-column su-column-size-1-4\"><div class=\"su-column-inner su-u-clearfix su-u-trim\"> <a href=\"http:\/\/mostkrug.de\/A_Wordpress\/shop\/\" target=\"_blank\" rel=\"noopener noreferrer\"><strong>Gutscheine<\/strong><\/a> <\/div><\/div>\n<\/div>\n<p><strong>In Zimmern, eingerichtet wie zu Gro\u00dfmutters Zeiten<\/strong>, genie\u00dfen Sie bei heimeligem<br \/>\nHolzofenfeuer <a href=\"https:\/\/mostkrug.de\/A_Wordpress\/essen-und-trinken\/\" target=\"_blank\" rel=\"noopener noreferrer\">Schw\u00e4bische Spezialit\u00e4ten<\/a> einer richtig guten Besenwirtschaftsk\u00fcche.<br \/>\n<strong>Wir haben durchgehend warme K\u00fcche (Fr. und Sa. 18 bis 21 Uhr,&nbsp; So. und Feiertag 12 bis 18 Uhr)<br \/>\n<\/strong><\/p>\n<p>Rundgang durch den Mostkrug<br \/>\nMit den Pfeilen durch die R\u00e4ume gehen, <a href=\"https:\/\/mostkrug.de\/A_Wordpress\/rundgang\/Mostkrug-Treppenhaus-Panorama.html\">hier zum Vollbild<\/a><\/p>\n<div style=\"position: relative; width: 100%; padding-top: 56.25%; overflow: hidden; border-radius: 14px;\"><iframe style=\"position: absolute; inset: 0; width: 100%; height: 100%; border: 0;\" src=\"https:\/\/mostkrug.de\/A_Wordpress\/rundgang\/Mostkrug-Treppenhaus-Panorama.html\" allowfullscreen=\"allowfullscreen\"><br \/>\n<\/iframe><\/div>\n","protected":false},"excerpt":{"rendered":"<p>\u2026besuchen Sie uns &#8211; es lohnt sich!&nbsp; Schauen sie bitte auch in die Seite Aktuelles Ein altes Bauernhaus ist wieder zum&nbsp;Leben erwacht\u2026 In Zimmern, eingerichtet wie zu Gro\u00dfmutters Zeiten, genie\u00dfen Sie bei heimeligem Holzofenfeuer Schw\u00e4bische Spezialit\u00e4ten einer richtig guten Besenwirtschaftsk\u00fcche.<\/p>\n","protected":false},"author":1,"featured_media":0,"parent":0,"menu_order":0,"comment_status":"closed","ping_status":"closed","template":"","meta":{"ngg_post_thumbnail":0},"jetpack_sharing_enabled":true,"jetpack_shortlink":"https:\/\/wp.me\/P88xua-5","_links":{"self":[{"href":"https:\/\/mostkrug.de\/A_Wordpress\/wp-json\/wp\/v2\/pages\/5"}],"collection":[{"href":"https:\/\/mostkrug.de\/A_Wordpress\/wp-json\/wp\/v2\/pages"}],"about":[{"href":"https:\/\/mostkrug.de\/A_Wordpress\/wp-json\/wp\/v2\/types\/page"}],"author":[{"embeddable":true,"href":"https:\/\/mostkrug.de\/A_Wordpress\/wp-json\/wp\/v2\/users\/1"}],"replies":[{"embeddable":true,"href":"https:\/\/mostkrug.de\/A_Wordpress\/wp-json\/wp\/v2\/comments?post=5"}],"version-history":[{"count":27,"href":"https:\/\/mostkrug.de\/A_Wordpress\/wp-json\/wp\/v2\/pages\/5\/revisions"}],"predecessor-version":[{"id":82915,"href":"https:\/\/mostkrug.de\/A_Wordpress\/wp-json\/wp\/v2\/pages\/5\/revisions\/82915"}],"wp:attachment":[{"href":"https:\/\/mostkrug.de\/A_Wordpress\/wp-json\/wp\/v2\/media?parent=5"}],"curies":[{"name":"wp","href":"https:\/\/api.w.org\/{rel}","templated":true}]}}