{"id":520,"date":"2016-12-26T14:11:21","date_gmt":"2016-12-26T13:11:21","guid":{"rendered":"http:\/\/mostkrug.de\/A_Wordpress\/?page_id=520"},"modified":"2026-02-25T09:35:19","modified_gmt":"2026-02-25T08:35:19","slug":"reservierungsanfrage-kontakt","status":"publish","type":"page","link":"https:\/\/mostkrug.de\/A_Wordpress\/reservierungsanfrage-kontakt\/","title":{"rendered":"Reservierungsanfrage \/ Kontakt"},"content":{"rendered":"<p><strong>Sommersaison 04.06.2026 bis 26.07.2026<\/strong><\/p>\n<p><strong>Herbst-Wintersaison 02.10.2026 bis 28.02.2027<\/strong><\/p>\n<p>Weihnachtspause <strong>14.12.\u00b426 bis 05.01.\u00b427<\/strong><\/p>\n<p><span style=\"color: #ff0000;\">W\u00e4hrend den \u00d6ffnungszeiten (und zwei Stunden davor) kann ich leider keine <\/span><br \/>\n<span style=\"color: #ff0000;\">emails bzw. Reservierungsanfragen beantworten.<\/span><br \/>\n<span style=\"color: #ff0000;\">Zu der Zeit am besten telefonisch anfragen 07026 2196 oder 0170 3150607<\/span><\/p>\n<p><span style=\"color: #003300;\"><strong>Reservierungsanfragen f\u00fcr gro\u00dfe Gruppen au\u00dferhalb der <\/strong><\/span><br \/>\n<span style=\"color: #003300;\"><strong>\u00fcblichen \u00d6ffnungszeiten bitte per email <a href=\"mailto:info@mostkrug.de\">info@mostkrug.de<\/a> anfragen:<\/strong><\/span><\/p>\n<div class='fluentform ff-default fluentform_wrapper_7 ffs_default_wrap'><form data-form_id=\"7\" id=\"fluentform_7\" class=\"frm-fluent-form fluent_form_7 ff-el-form-top ff_form_instance_7_1 ff-form-loading ffs_default\" data-form_instance=\"ff_form_instance_7_1\" method=\"POST\" ><fieldset  style=\"border: none!important;margin: 0!important;padding: 0!important;background-color: transparent!important;box-shadow: none!important;outline: none!important; min-inline-size: 100%;\">\n                    <legend class=\"ff_screen_reader_title\" style=\"display: block; margin: 0!important;padding: 0!important;height: 0!important;text-indent: -999999px;width: 0!important;overflow:hidden;\">Anfrage \/ Reservierung (#7)<\/legend><input type='hidden' name='__fluent_form_embded_post_id' value='520' \/><input type=\"hidden\" id=\"_fluentform_7_fluentformnonce\" name=\"_fluentform_7_fluentformnonce\" value=\"a5deb3e086\" \/><input type=\"hidden\" name=\"_wp_http_referer\" value=\"\/A_Wordpress\/wp-json\/wp\/v2\/pages\/520\" \/><div data-name=\"ff_cn_id_1\"  class='ff-t-container ff-column-container ff_columns_total_2  '><div class='ff-t-cell ff-t-column-1' style='flex-basis: 50%;'><div class='ff-el-group'><div class=\"ff-el-input--label asterisk-right\"><label for='ff_7_vorname' >Vorname<\/label><\/div><div class='ff-el-input--content'><input type=\"text\" name=\"vorname\" class=\"ff-el-form-control\" id=\"ff_7_vorname\" data-name=\"vorname\"  aria-invalid=\"false\" aria-required=false><\/div><\/div><\/div><div class='ff-t-cell ff-t-column-2' style='flex-basis: 50%;'><div class='ff-el-group'><div class=\"ff-el-input--label ff-el-is-required asterisk-right\"><label for='ff_7_nachname' >Nachname<\/label><\/div><div class='ff-el-input--content'><input type=\"text\" name=\"nachname\" class=\"ff-el-form-control\" id=\"ff_7_nachname\" data-name=\"nachname\"  aria-invalid=\"false\" aria-required=true><\/div><\/div><\/div><\/div><div data-name=\"ff_cn_id_2\"  class='ff-t-container ff-column-container ff_columns_total_2  '><div class='ff-t-cell ff-t-column-1' style='flex-basis: 50%;'><div class='ff-el-group'><div class=\"ff-el-input--label ff-el-is-required asterisk-right\"><label for='ff_7_emailadresse' aria-label=\"emailadresse\">emailadresse<\/label><\/div><div class='ff-el-input--content'><input type=\"email\" name=\"emailadresse\" class=\"ff-el-form-control\" id=\"ff_7_emailadresse\" data-name=\"emailadresse\"  aria-invalid=\"false\" aria-required=true><\/div><\/div><\/div><div class='ff-t-cell ff-t-column-2' style='flex-basis: 50%;'><div class='ff-el-group'><div class=\"ff-el-input--label ff-el-is-required asterisk-right\"><label for='ff_7_numeric_field' aria-label=\"Telefonnummer\">Telefonnummer<\/label><\/div><div class='ff-el-input--content'><input type=\"number\" name=\"numeric_field\" id=\"ff_7_numeric_field\" class=\"ff-el-form-control\" data-name=\"numeric_field\" inputmode=\"numeric\" step=\"any\"  aria-invalid=\"false\" aria-required=true><\/div><\/div><\/div><\/div><div data-name=\"ff_cn_id_3\"  class='ff-t-container ff-column-container ff_columns_total_2  '><div class='ff-t-cell ff-t-column-1' style='flex-basis: 50%;'><div class='ff-el-group'><div class=\"ff-el-input--label asterisk-right\"><label for='ff_7_datum' aria-label=\"Datum\">Datum<\/label><\/div><div class='ff-el-input--content'><input  aria-label='Datum Use arrow keys to navigate dates. Press enter to select a date.'  aria-haspopup='dialog' data-type-datepicker data-format='d.m.Y' name=\"datum\" type=\"text\" class=\"ff-el-form-control ff-el-datepicker\" id=\"ff_7_datum\" data-name=\"datum\"  aria-invalid='false' aria-required=false><\/div><\/div><div class='ff-el-group'><div class=\"ff-el-input--label asterisk-right\"><label for='ff_7_anzahl_personen' aria-label=\"Anzahl Personen\">Anzahl Personen<\/label><\/div><div class='ff-el-input--content'><input type=\"text\" name=\"anzahl_personen\" class=\"ff-el-form-control\" id=\"ff_7_anzahl_personen\" data-name=\"anzahl_personen\"  aria-invalid=\"false\" aria-required=false><\/div><\/div><\/div><div class='ff-t-cell ff-t-column-2' style='flex-basis: 50%;'><div class='ff-el-group'><div class=\"ff-el-input--label asterisk-right\"><label for='ff_7_uhrzeit' aria-label=\"Uhrzeit\">Uhrzeit<\/label><\/div><div class='ff-el-input--content'><input type=\"text\" name=\"uhrzeit\" class=\"ff-el-form-control\" id=\"ff_7_uhrzeit\" data-name=\"uhrzeit\"  aria-invalid=\"false\" aria-required=false><\/div><\/div><\/div><\/div><input type=\"hidden\" name=\"wochentag\" data-name=\"wochentag\" ><div class='ff-el-group'><div class=\"ff-el-input--label asterisk-right\"><label for='ff_7_anmerkung' aria-label=\"Anmerkung\">Anmerkung<\/label><\/div><div class='ff-el-input--content'><textarea aria-invalid=\"false\" aria-required=false name=\"anmerkung\" class=\"ff-el-form-control\" id=\"ff_7_anmerkung\" rows=\"4\" cols=\"2\" data-name=\"anmerkung\" ><\/textarea><\/div><\/div><div class='ff-el-group'><div class=\"ff-el-input--label asterisk-right\"><label for='ff_7_kinderhochstuhl' aria-label=\"Kinderhochstuhl\">Kinderhochstuhl<\/label><\/div><div class='ff-el-input--content'><select name=\"kinderhochstuhl\" class=\"ff-el-form-control\" id=\"ff_7_kinderhochstuhl\" data-name=\"kinderhochstuhl\" data-calc_value=\"0\"  aria-invalid=\"false\" aria-required=false><option data-calc_value=\"0\" data-custom-properties=\"0\" value=\"opt1998155\"  selected>0<\/option><option data-calc_value=\"1\" data-custom-properties=\"1\" value=\"opt1375892\"  >1<\/option><option data-calc_value=\"2\" data-custom-properties=\"2\" value=\"opt1908496\"  >2<\/option><option data-calc_value=\"3\" data-custom-properties=\"3\" value=\"opt1725327\"  >3<\/option><\/select><\/div><\/div><div class='ff-el-group  ff-custom_html' tabindex='-1' data-name=\"custom_html-7_1\" ><label for=\"reservierungsdatum\">Reservierungsdatum<\/label>  <!-- dieses Hidden-Feld wird automatisch gef\u00fcllt -->  <button type=\"submit\">Reservierung absenden<\/button><\/div><div class='ff-el-group    ff-el-input--content'><div class='ff-el-form-check ff-el-tc'><label aria-label='Ich bin damit einverstanden, dass diese Website meine eingereichten Informationen speichert, damit sie auf meine Anfrage antworten k\u00f6nnen' class='ff-el-form-check-label ff_tc_label' for=gdpr-agreement_79dedadb0a5e0ee55b01d8f1f177ce56><span class='ff_tc_checkbox'><input type=\"checkbox\" name=\"gdpr-agreement\" class=\"ff-el-form-check-input ff_gdpr_field\" data-name=\"gdpr-agreement\" id=\"gdpr-agreement_79dedadb0a5e0ee55b01d8f1f177ce56\"  value='on' aria-invalid='false' aria-required=true><\/span> <div class='ff_t_c'>Ich bin damit einverstanden, dass diese Website meine eingereichten Informationen speichert, damit sie auf meine Anfrage antworten k\u00f6nnen<\/div><\/label><\/div><\/div><div class='ff-el-group ff-text-left ff_submit_btn_wrapper ff_submit_btn_wrapper_custom'><button class=\"ff-btn ff-btn-submit ff-btn-md ff_btn_style wpf_has_custom_css\" type=\"submit\" name=\"custom_submit_button-7_2\" data-name=\"custom_submit_button-7_2\" >Formular abschicken<\/button><style>form.fluent_form_7 .wpf_has_custom_css.ff-btn-submit { background-color:#1a7efb;border-color:#1a7efb;color:#ffffff;min-width:100%; }form.fluent_form_7 .wpf_has_custom_css.ff-btn-submit:hover { background-color:#ffffff;border-color:#1a7efb;color:#1a7efb;min-width:100%; } <\/style><\/div><\/fieldset><\/form><div id='fluentform_7_errors' class='ff-errors-in-stack ff_form_instance_7_1 ff-form-loading_errors ff_form_instance_7_1_errors'><\/div><\/div>            <script type=\"text\/javascript\">\n                window.fluent_form_ff_form_instance_7_1 = {\"id\":\"7\",\"settings\":{\"layout\":{\"labelPlacement\":\"top\",\"asteriskPlacement\":\"asterisk-right\",\"helpMessagePlacement\":\"with_label\",\"errorMessagePlacement\":\"inline\",\"cssClassName\":\"\"},\"restrictions\":{\"denyEmptySubmission\":{\"enabled\":false}}},\"form_instance\":\"ff_form_instance_7_1\",\"form_id_selector\":\"fluentform_7\",\"rules\":{\"vorname\":{\"required\":{\"value\":false,\"message\":\"This field is required\",\"global\":false,\"global_message\":\"Dieses Feld ist erforderlich\"}},\"nachname\":{\"required\":{\"value\":true,\"message\":\"Bitte Nachname eingeben\",\"global\":false,\"global_message\":\"Dieses Feld ist erforderlich\"}},\"emailadresse\":{\"required\":{\"value\":true,\"message\":\"Bitte emailadresse eingeben\",\"global\":false,\"global_message\":\"Dieses Feld ist erforderlich\"},\"email\":{\"value\":true,\"message\":\"das muss eine g\\u00fcltige emailadresse sein\",\"global\":false,\"global_message\":\"Dieses Feld muss eine g\\u00fcltige E-Mail-Adresse enthalten\"}},\"numeric_field\":{\"required\":{\"value\":true,\"message\":\"Bitte Telefonnummer eingeben\",\"global_message\":\"Dieses Feld ist erforderlich\",\"global\":false},\"numeric\":{\"value\":true,\"message\":\"Dieses Feld muss einen numerischen Wert enthalten\",\"global_message\":\"Dieses Feld muss einen numerischen Wert enthalten\",\"global\":true},\"min\":{\"value\":\"\",\"message\":\"Validierung des Mindestwerts schl\\u00e4gt fehl\",\"global_message\":\"Validation fails for minimum value\",\"global\":true},\"max\":{\"value\":\"\",\"message\":\"Validierung schl\\u00e4gt bei Maximalwert fehl\",\"global_message\":\"Validation fails for maximum value\",\"global\":true},\"digits\":{\"value\":\"\",\"message\":\"Validierung schl\\u00e4gt bei begrenzten Ziffern fehl\",\"global_message\":\"Validation fails for limited digits\",\"global\":true}},\"datum\":{\"required\":{\"value\":false,\"message\":\"This field is required\",\"global\":false,\"global_message\":\"Dieses Feld ist erforderlich\"}},\"anzahl_personen\":{\"required\":{\"value\":false,\"message\":\"This field is required\",\"global\":false,\"global_message\":\"Dieses Feld ist erforderlich\"}},\"uhrzeit\":{\"required\":{\"value\":false,\"message\":\"This field is required\",\"global\":false,\"global_message\":\"Dieses Feld ist erforderlich\"}},\"anmerkung\":{\"required\":{\"value\":false,\"message\":\"This field is required\",\"global\":false,\"global_message\":\"Dieses Feld ist erforderlich\"}},\"kinderhochstuhl\":{\"required\":{\"value\":false,\"message\":\"This field is required\",\"global\":false,\"global_message\":\"Dieses Feld ist erforderlich\"}},\"gdpr-agreement\":{\"required\":{\"value\":true,\"message\":\"Dieses Feld ist erforderlich\",\"global_message\":\"Dieses Feld ist erforderlich\",\"global\":true}}},\"debounce_time\":300};\n                            <\/script>\n            \n<figure id=\"attachment_540\" aria-describedby=\"caption-attachment-540\" style=\"width: 166px\" class=\"wp-caption alignnone\"><img decoding=\"async\" loading=\"lazy\" class=\" wp-image-540\" src=\"http:\/\/mostkrug.de\/A_Wordpress\/wp-content\/uploads\/2016\/12\/QRCodeMostkrugAdresse-300x300.png\" alt=\"\" width=\"166\" height=\"166\"><figcaption id=\"caption-attachment-540\" class=\"wp-caption-text\">Adresse in\u00b4s Smartphone \u00fcbertragen<\/figcaption><\/figure>\n<p>&nbsp; &nbsp;&nbsp; <a href=\"mailto:info@mostkrug.de\">info@mostkrug.de<\/a><\/p>\n<form action=\"ip-empfang.php\" method=\"post\"><!-- \/form Hier wird die Gr\u00f6\u00dfe des Bildes festgelegt --><\/form>\n","protected":false},"excerpt":{"rendered":"<p>Sommersaison 04.06.2026 bis 26.07.2026 Herbst-Wintersaison 02.10.2026 bis 28.02.2027 Weihnachtspause 14.12.\u00b426 bis 05.01.\u00b427 W\u00e4hrend den \u00d6ffnungszeiten (und zwei Stunden davor) kann ich leider keine emails bzw. Reservierungsanfragen beantworten. Zu der Zeit am besten telefonisch anfragen 07026 2196 oder 0170 3150607 Reservierungsanfragen<\/p>\n","protected":false},"author":1,"featured_media":0,"parent":0,"menu_order":0,"comment_status":"closed","ping_status":"closed","template":"","meta":{"ngg_post_thumbnail":0},"jetpack_sharing_enabled":true,"jetpack_shortlink":"https:\/\/wp.me\/P88xua-8o","_links":{"self":[{"href":"https:\/\/mostkrug.de\/A_Wordpress\/wp-json\/wp\/v2\/pages\/520"}],"collection":[{"href":"https:\/\/mostkrug.de\/A_Wordpress\/wp-json\/wp\/v2\/pages"}],"about":[{"href":"https:\/\/mostkrug.de\/A_Wordpress\/wp-json\/wp\/v2\/types\/page"}],"author":[{"embeddable":true,"href":"https:\/\/mostkrug.de\/A_Wordpress\/wp-json\/wp\/v2\/users\/1"}],"replies":[{"embeddable":true,"href":"https:\/\/mostkrug.de\/A_Wordpress\/wp-json\/wp\/v2\/comments?post=520"}],"version-history":[{"count":61,"href":"https:\/\/mostkrug.de\/A_Wordpress\/wp-json\/wp\/v2\/pages\/520\/revisions"}],"predecessor-version":[{"id":82904,"href":"https:\/\/mostkrug.de\/A_Wordpress\/wp-json\/wp\/v2\/pages\/520\/revisions\/82904"}],"wp:attachment":[{"href":"https:\/\/mostkrug.de\/A_Wordpress\/wp-json\/wp\/v2\/media?parent=520"}],"curies":[{"name":"wp","href":"https:\/\/api.w.org\/{rel}","templated":true}]}}