{"id":563,"date":"2016-12-28T14:20:48","date_gmt":"2016-12-28T13:20:48","guid":{"rendered":"http:\/\/mostkrug.de\/A_Wordpress\/?page_id=563"},"modified":"2017-02-01T08:30:29","modified_gmt":"2017-02-01T07:30:29","slug":"agb-web-shop","status":"publish","type":"page","link":"https:\/\/mostkrug.de\/A_Wordpress\/agb-web-shop\/","title":{"rendered":"AGB Web Shop"},"content":{"rendered":"<p>\u00a7 1 Geltungsbereich<br \/>\nF\u00fcr alle gegenw\u00e4rtigen und zuk\u00fcnftigen Gesch\u00e4ftsbeziehungen gelten ausschlie\u00dfliche die nachfolgenden AGB in ihrer zum Zeitpunkt der Bestellung g\u00fcltigen Fassung.<\/p>\n<p>Diese AGB gelten nur gegen\u00fcber Verbrauchern. Verbraucher sind nat\u00fcrliche Personen, die ihre Bestellung zu einem Zweck aufgeben, der weder der gewerblichen oder selbst\u00e4ndigen beruflichen T\u00e4tigkeit des Bestellers zuzurechnen ist.<\/p>\n<p>Abweichende, widersprechende oder erg\u00e4nzende AGB des Bestellers werden, auch bei Kenntnis, nur dann Vertragsbestandteil, wenn wir ihrer Geltung ausdr\u00fccklich zugestimmt haben.<\/p>\n<p>\u00a7 2 Vertragsabschluss<br \/>\nMit der Bestellung der Ware erkl\u00e4rt der Kunde verbindlich, die Ware erwerben zu wollen.<\/p>\n<p>Wir sind berechtigt, das in der Bestellung liegende Vertragsangebot innerhalb von zwei Wochen nach Eingang anzunehmen.<\/p>\n<p>Der Kaufvertrag kommt dadurch zustande, dass wir das in Ihrer Bestellung liegende Vertragsangebot annehmen. Die Annahme erfolgt entweder durch ausdr\u00fcckliche schriftliche Erkl\u00e4rung oder durch Zugang der Ware beim Empf\u00e4nger.<\/p>\n<p>Bei Bestellungen auf unserem Webshop werden wir den Zugang Ihrer Bestellung unverz\u00fcglich best\u00e4tigen. Die Zugangsbest\u00e4tigung erfolgt automatisch und stellt noch keine verbindliche Annahmeerkl\u00e4rung dar.<\/p>\n<p>\u00a7 3 Vorbehalt der Nichtverf\u00fcgbarkeit<br \/>\nWir behalten uns vor, von einer Ausf\u00fchrung der Bestellung abzusehen, wenn wir die bestellte Ware nicht vorr\u00e4tig haben und diese auch beim Zulieferer nicht verf\u00fcgbar ist. In diesem Fall werden wir Sie unverz\u00fcglich \u00fcber die Nichtverf\u00fcgbarkeit informieren oder einen gleichwertigen Artikel ohne vorherige Benachrichtigung senden. Einen evtl. bereits gezahlten Kaufpreis werden wir zur\u00fcckerstatten.<\/p>\n<p>Angebots und\/ oder beworbene Produkte k\u00f6nnen bei einer Lieferunf\u00e4higkeit durch andere Produkte gleichen Wertes ersetzt werden. Lieferung solange Vorrat reicht.<\/p>\n<p>\u00a7 4 Widerrufsrecht<br \/>\nVerbrauchern steht ein Widerrufsrecht nach folgender Ma\u00dfgabe zu, wobei Verbraucher jede nat\u00fcrliche Person ist, die ein Rechtsgesch\u00e4ft zu Zwecken abschlie\u00dft, die \u00fcberwiegend weder ihrer gewerblichen noch ihrer selbst\u00e4ndigen beruflichen T\u00e4tigkeit zugerechnet werden k\u00f6nnen:<\/p>\n<p>Widerrufsrecht, Widerrufsbelehrung<\/p>\n<p>Sie haben das Recht, binnen vierzehn Tagen ohne Angabe von Gr\u00fcnden diesen Vertrag zu widerrufen.<\/p>\n<p>Die Widerrufsfrist betr\u00e4gt vierzehn Tage ab dem Tag, an dem Sie oder ein von Ihnen benannter Dritter, der nicht der Bef\u00f6rderer ist, die letzte Ware in Besitz genommen haben bzw. hat.<br \/>\nUm Ihr Widerrufsrecht auszu\u00fcben, m\u00fcssen Sie uns, Besenwirtschft Zum Mostkrug, 73268 Erkenbrechtsweiler, Tel: 07026 2196, Fax: 07026 959780, info@mostkrug.de, mittels einer eindeutigen Erkl\u00e4rung (z. B. ein mit der Post versandter Brief, Telefax oder E-Mail) \u00fcber Ihren Entschluss, diesen Vertrag zu widerrufen, informieren. Sie k\u00f6nnen daf\u00fcr das Muster-Widerrufsformular unter dem folgenden Link <a href=\"http:\/\/mostkrug.de\/A_Wordpress\/wp-content\/uploads\/2016\/12\/Widerrufsformular.pdf\">Widerrufsformular<\/a> verwenden, das jedoch nicht vorgeschrieben ist.<\/p>\n<p>Zur Wahrung der Widerrufsfrist reicht es aus, dass Sie die Mitteilung \u00fcber die Aus\u00fcbung des Widerrufsrechts vor Ablauf der Widerrufsfrist absenden.<\/p>\n<p>Folgen des Widerrufs<\/p>\n<p>Wenn Sie diesen Vertrag widerrufen, haben wir Ihnen alle Zahlungen, die wir von Ihnen erhalten haben, einschlie\u00dflich der Lieferkosten (mit Ausnahme der zus\u00e4tzlichen Kosten, die sich daraus ergeben, dass Sie eine andere Art der Lieferung als die von uns angebotene, g\u00fcnstigste Standardlieferung gew\u00e4hlt haben), unverz\u00fcglich und sp\u00e4testens binnen vierzehn Tagen ab dem Tag zur\u00fcckzuzahlen, an dem die Mitteilung \u00fcber Ihren Widerruf dieses Vertrags bei uns eingegangen ist. F\u00fcr diese R\u00fcckzahlung verwenden wir dasselbe Zahlungsmittel, das Sie bei der urspr\u00fcnglichen Transaktion eingesetzt haben, es sei denn, mit Ihnen wurde ausdr\u00fccklich etwas anderes vereinbart; in keinem Fall werden Ihnen wegen dieser R\u00fcckzahlung Entgelte berechnet. Wir k\u00f6nnen die R\u00fcckzahlung verweigern, bis wir die Waren wieder zur\u00fcckerhalten haben oder bis Sie den Nachweis erbracht haben, dass Sie die Waren zur\u00fcckgesandt haben, je nachdem, welches der fr\u00fchere Zeitpunkt ist.<\/p>\n<p>Sie haben die Waren unverz\u00fcglich und in jedem Fall sp\u00e4testens binnen vierzehn Tagen ab dem Tag, an dem Sie uns \u00fcber den Widerruf dieses Vertrags unterrichten, an uns zur\u00fcckzusenden oder zu \u00fcbergeben. Die Frist ist gewahrt, wenn Sie die Waren vor Ablauf der Frist von vierzehn Tagen absenden.<\/p>\n<p>Sie tragen die unmittelbaren Kosten der R\u00fccksendung der Waren.<\/p>\n<p>Sie m\u00fcssen f\u00fcr einen etwaigen Wertverlust der Waren nur aufkommen, wenn dieser Wertverlust auf einen zur Pr\u00fcfung der Beschaffenheit, Eigenschaften und Funktionsweise der Waren nicht notwendigen Umgang mit ihnen zur\u00fcckzuf\u00fchren ist.<\/p>\n<p>Bitte schicken Sie die Ware nicht unfrei zur\u00fcck, diese Pakete werden nicht angenommen!<\/p>\n<p>\u00a7 5 Preise und Versandkosten<br \/>\nUnsere Preise sind Endpreise in Euro. Sie enthalten die gesetzliche Umsatzsteuer.<br \/>\nDie Versandkosten entnehmen Sie bitte unseren \u201eInfos zu Versandkosten\u201c<\/p>\n<p>Versandkosten werden jeweils entsprechend dem Bestellvolumen laut unseren Bedingungen dem Rechnungsbetrag hinzugerechnet.<\/p>\n<p>Bei Auslandssendungen werden die tats\u00e4chlich anfallenden Versandkosten in Rechnung gestellt. Die spezifischen Einfuhr- und Zollbedingungen m\u00fcssen vom Besteller beachtet und getragen werden.<\/p>\n<p>\u00a7 6 Liefer- und Zahlungsbedingungen<br \/>\nSie erhalten die von Ihnen gew\u00fcnschten Artikel (sofern verf\u00fcgbar) innerhalb von 2-5 Tagen per DHL Paket oder per Post geliefert.<\/p>\n<p>Per \u00dcberweisung.<\/p>\n<p>Bitte beachten Sie, das wir nur per Vorauskasse verschicken.<\/p>\n<p>Verzugszinsen: Kommt der Besteller in Zahlungsverzug, so sind wir berechtigt, Verzugszinsen in H\u00f6he von 5% \u00fcber dem von der Europ\u00e4ischen Zentralbank bekannt gegebenen Basiszinssatz p.a. zu fordern. Falls uns ein h\u00f6herer Verzugsschaden nachweisbar entstanden ist, sind wir berechtigt, diesen geltend zu machen.<\/p>\n<p>Service: Rechnung an Sie &#8211; Lieferung an Ihre Freunde, Bekannte oder wen auch immer Sie erfreuen m\u00f6chten! Zu den oben genannten Versandkosten f\u00fchren wir diesen Service gerne f\u00fcr Sie aus.<\/p>\n<p>Weitere Services wie z. B. Gru\u00dfkarten oder pers\u00f6nliche W\u00fcnsche des Bestellers k\u00f6nnen hinzugef\u00fcgt werden (Preise entnehmen Sie unseren Preis- und Angebotslisten).<\/p>\n<p>\u00a7 7 M\u00e4ngelhaftung<br \/>\nLiegt ein Mangel der Kaufsache vor, gelten die gesetzlichen Gew\u00e4hrleistungsvorschriften der \u00a7\u00a7 434 ff. BGB.<\/p>\n<p>\u00a7 8 Eigentumsvorbehalt<br \/>\nDie Waren bleiben nach \u00a7 449 BGB bis zur vollst\u00e4ndigen Bezahlung unser Eigentum.<\/p>\n<p>Wir sind berechtigt, bei vertragswidrigem Verhalten, insbesondere bei Zahlungsverzug, vom Vertrag zur\u00fcckzutreten und die Ware herauszuverlangen.<br \/>\n<div class=\"woocommerce woocommerce-gzd woocommerce-gzd-complaints-shortcode\">\n\t\t\t<h3>Alternative Streitbeilegung gem\u00e4\u00df Art. 14 Abs. 1 ODR-VO und \u00a7 36 VSBG:<\/h3>\n\t\nZur Teilnahme an einem Streitbeilegungsverfahren vor einer Verbraucherschlichtungsstelle sind wir nicht verpflichtet und nicht bereit.<\/div>\n","protected":false},"excerpt":{"rendered":"<p>\u00a7 1 Geltungsbereich F\u00fcr alle gegenw\u00e4rtigen und zuk\u00fcnftigen Gesch\u00e4ftsbeziehungen gelten ausschlie\u00dfliche die nachfolgenden AGB in ihrer zum Zeitpunkt der Bestellung g\u00fcltigen Fassung. Diese AGB gelten nur gegen\u00fcber Verbrauchern. Verbraucher sind nat\u00fcrliche Personen, die ihre Bestellung zu einem Zweck aufgeben, der<\/p>\n","protected":false},"author":1,"featured_media":0,"parent":0,"menu_order":0,"comment_status":"closed","ping_status":"closed","template":"","meta":{"ngg_post_thumbnail":0},"jetpack_sharing_enabled":true,"jetpack_shortlink":"https:\/\/wp.me\/P88xua-95","_links":{"self":[{"href":"https:\/\/mostkrug.de\/A_Wordpress\/wp-json\/wp\/v2\/pages\/563"}],"collection":[{"href":"https:\/\/mostkrug.de\/A_Wordpress\/wp-json\/wp\/v2\/pages"}],"about":[{"href":"https:\/\/mostkrug.de\/A_Wordpress\/wp-json\/wp\/v2\/types\/page"}],"author":[{"embeddable":true,"href":"https:\/\/mostkrug.de\/A_Wordpress\/wp-json\/wp\/v2\/users\/1"}],"replies":[{"embeddable":true,"href":"https:\/\/mostkrug.de\/A_Wordpress\/wp-json\/wp\/v2\/comments?post=563"}],"version-history":[{"count":0,"href":"https:\/\/mostkrug.de\/A_Wordpress\/wp-json\/wp\/v2\/pages\/563\/revisions"}],"wp:attachment":[{"href":"https:\/\/mostkrug.de\/A_Wordpress\/wp-json\/wp\/v2\/media?parent=563"}],"curies":[{"name":"wp","href":"https:\/\/api.w.org\/{rel}","templated":true}]}}