{"id":769,"date":"2017-02-01T12:03:04","date_gmt":"2017-02-01T11:03:04","guid":{"rendered":"http:\/\/mostkrug.de\/A_Wordpress\/?page_id=769"},"modified":"2024-12-10T09:42:39","modified_gmt":"2024-12-10T08:42:39","slug":"uebernachtung-sonstiges","status":"publish","type":"page","link":"https:\/\/mostkrug.de\/A_Wordpress\/uebernachtung-sonstiges\/","title":{"rendered":"Feiern \/ \u00dcbernachtung"},"content":{"rendered":"<p><a href=\"https:\/\/mostkrug.de\/A_Wordpress\/ferienwohnung\/\" target=\"_blank\" rel=\"noopener\">Die Ferienwohnung im Mostkrug<\/a><\/p>\n<p><a href=\"http:\/\/mostkrug.de\/A_Wordpress\/feiern-im-mostkrug\/\">Ihre Feier im Mostkrug<\/a><\/p>\n<p><a href=\"https:\/\/www.israel-spezialitaeten.de\/gaestezimmer\/\" target=\"_blank\" rel=\"noopener noreferrer\">G\u00e4stezimmer Orchidee <\/a>in Lenningen\/Hochwang (1 km)<\/p>\n<p><a href=\"http:\/\/mostkrug.de\/A_Wordpress\/apelsaft-selber-machen\/\" target=\"_blank\" rel=\"noopener noreferrer\">Apfelsaft selber machen hier in Erkenbrechtsweiler. Pressen und in die Bag in Box Beh\u00e4ler abf\u00fcllen.<\/a><\/p>\n<p>&nbsp;<\/p>\n<p>Ausflugsm\u00f6glichkeiten:<\/p>\n<table style=\"height: 1090px;\" width=\"1120\">\n<tbody>\n<tr>\n<td width=\"236\">Ziel<\/td>\n<td width=\"111\">Entfernung km<\/td>\n<td width=\"175\">Kategorie<\/td>\n<td width=\"395\">Beschreibung<\/td>\n<\/tr>\n<tr>\n<td>Burg Hohen Neuffen<\/td>\n<td>3,5<\/td>\n<td>Wandern \/ Essen<\/td>\n<td>alte Burg mit herrlicher Aussicht und feiner Gastronomie<\/td>\n<\/tr>\n<tr>\n<td>Grabenstetten, Flugplatz<\/td>\n<td>4<\/td>\n<td>Fliegen<\/td>\n<td>Rundfl\u00fcge, Motor- und Segelflugzeug<\/td>\n<\/tr>\n<tr>\n<td>H\u00fclben, Flugplatz<\/td>\n<td>4<\/td>\n<td>Fliegen<\/td>\n<td>Rundfl\u00fcge, Motor- und Segelflugzeug<\/td>\n<\/tr>\n<tr>\n<td>Freilichtmuseum Beuren<\/td>\n<td>4<\/td>\n<td>Kultur<\/td>\n<td>leben im Schwabenland vor 200 Jahren<\/td>\n<\/tr>\n<tr>\n<td>Thermalbad Beuren<\/td>\n<td>5<\/td>\n<td>Relaxen \/ Schwimmen<\/td>\n<td>sch\u00f6nes Thermalbad mit Saunalanschaft<\/td>\n<\/tr>\n<tr>\n<td>Astropfad<\/td>\n<td>6<\/td>\n<td>Wandern<\/td>\n<td>Rundwanderweg, siehe Karte<\/td>\n<\/tr>\n<tr>\n<td>B\u00f6hringen, Familie Schepper<\/td>\n<td>12<\/td>\n<td>Sport \/ Wandern<\/td>\n<td>sehr gro\u00dfer Pferdehof mit Reitm\u00f6glichkeit<\/td>\n<\/tr>\n<tr>\n<td>Beurener Fels, Aussichtspunkt<\/td>\n<td>12<\/td>\n<td>Wandern<\/td>\n<td>12 km Rundwanderweg mit Aussichtspunkten, siehe Karte<\/td>\n<\/tr>\n<tr>\n<td>Kirchheim \/ Teck<\/td>\n<td>15<\/td>\n<td>Ausgehen<\/td>\n<td>sch\u00f6ne Kleinstadt<\/td>\n<\/tr>\n<tr>\n<td>N\u00fcrtingen<\/td>\n<td>15<\/td>\n<td>Ausgehen<\/td>\n<td>Kleinstadt<\/td>\n<\/tr>\n<tr>\n<td>N\u00fcrtingen, Frei- und Hallenbad<\/td>\n<td>15<\/td>\n<td>Schwimmen und Relaxen<\/td>\n<td>sehr gro\u00dfes Freibad<\/td>\n<\/tr>\n<tr>\n<td>Uracher Wasserfall<\/td>\n<td>15<\/td>\n<td>Wandern<\/td>\n<td>sehr sch\u00f6ne Landschaft<\/td>\n<\/tr>\n<tr>\n<td>Holzmaden<\/td>\n<td>20<\/td>\n<td>Kultur<\/td>\n<td>sehr interessantes Urweltmuseum Hauff<\/td>\n<\/tr>\n<tr>\n<td>Metzingen Outletcity<\/td>\n<td>25<\/td>\n<td>Shopping<\/td>\n<td>bestes Outletcenter Deutschlands<\/td>\n<\/tr>\n<tr>\n<td>Kletterwald Laichingen<\/td>\n<td>30<\/td>\n<td>Sport<\/td>\n<td>sch\u00f6nster Kletterwald Deutschlands<\/td>\n<\/tr>\n<tr>\n<td>Tiefenh\u00f6hle Laichingen<\/td>\n<td>30<\/td>\n<td>Wandern<\/td>\n<td>beeindruckende H\u00f6hle<\/td>\n<\/tr>\n<tr>\n<td>T\u00fcbingen<\/td>\n<td>38<\/td>\n<td>Ausgehen \/ Shopping<\/td>\n<td>sch\u00f6ne alte Universit\u00e4tsstadt<\/td>\n<\/tr>\n<tr>\n<td>Stadt Reutlingen<\/td>\n<td>40<\/td>\n<td>Ausgehen \/ Shopping<\/td>\n<td>Stadt<\/td>\n<\/tr>\n<tr>\n<td>Trochtelfingen, Albgold Nudelfabrik<\/td>\n<td>40<\/td>\n<td>Essen \/ Kultur<\/td>\n<td>Nudeln, Sp\u00e4tzle und Veranstaltungen<\/td>\n<\/tr>\n<tr>\n<td>Schloss Lichtenstein<\/td>\n<td>40<\/td>\n<td>Kultur<\/td>\n<td>neuzeitliches Schloss<\/td>\n<\/tr>\n<tr>\n<td>Mercedes Benz Museum<\/td>\n<td>46<\/td>\n<td>Kultur \/ Auto<\/td>\n<td>Ein interessantes Museum, nicht nur f\u00fcr Autofans<\/td>\n<\/tr>\n<tr>\n<td>Stadt Stuttgart<\/td>\n<td>48<\/td>\n<td>Ausgehen \/ Shopping<\/td>\n<td>Landeshauptstadt mit gro\u00dfem Zoo und Fernsehturm<\/td>\n<\/tr>\n<tr>\n<td>Ulm \/ Ulmer M\u00fcnster<\/td>\n<td>63<\/td>\n<td>Kultur<\/td>\n<td>sch\u00f6ne Stadt mit h\u00f6chster Kirche der Welt<\/td>\n<\/tr>\n<tr>\n<td>Burg Hohenzollern<\/td>\n<td>65<\/td>\n<td>Kultur<\/td>\n<td>sehr beeindruckende Burg<\/td>\n<\/tr>\n<tr>\n<td>Friedrichshafen am Bodensee<\/td>\n<td>150<\/td>\n<td>Ausgehen \/ Kultur<\/td>\n<td>sch\u00f6ner Ort am Bodensee<\/td>\n<\/tr>\n<tr>\n<td>Heidelberg<\/td>\n<td>160<\/td>\n<td>Kultur \/ Ausgehen<\/td>\n<td>sch\u00f6ne Universit\u00e4tsstadt<\/td>\n<\/tr>\n<tr>\n<td>Schloss Neuschwanstein<\/td>\n<td>220<\/td>\n<td>Kultur \/ Wandern<\/td>\n<td>sehr sch\u00f6nes Schloss in sch\u00f6ner Landschaft<\/td>\n<\/tr>\n<tr>\n<td>&nbsp;<\/td>\n<td>&nbsp;<\/td>\n<td>&nbsp;<\/td>\n<td>&nbsp;<\/td>\n<\/tr>\n<tr>\n<td>&nbsp;<\/td>\n<td>&nbsp;<\/td>\n<td>&nbsp;<\/td>\n<td>&nbsp;<\/td>\n<\/tr>\n<tr>\n<td>&nbsp;<\/td>\n<td>&nbsp;<\/td>\n<td>&nbsp;<\/td>\n<td>&nbsp;<\/td>\n<\/tr>\n<tr>\n<td>&nbsp;<\/td>\n<td>&nbsp;<\/td>\n<td>&nbsp;<\/td>\n<td>&nbsp;<\/td>\n<\/tr>\n<tr>\n<td colspan=\"2\">auf \u00d6ffnungszeiten achten !<\/td>\n<td>&nbsp;<\/td>\n<td>&nbsp;<\/td>\n<\/tr>\n<tr>\n<td>&nbsp;<\/td>\n<td>&nbsp;<\/td>\n<td>&nbsp;<\/td>\n<td>&nbsp;<\/td>\n<\/tr>\n<\/tbody>\n<\/table>\n","protected":false},"excerpt":{"rendered":"<p>Die Ferienwohnung im Mostkrug Ihre Feier im Mostkrug G\u00e4stezimmer Orchidee in Lenningen\/Hochwang (1 km) Apfelsaft selber machen hier in Erkenbrechtsweiler. Pressen und in die Bag in Box Beh\u00e4ler abf\u00fcllen. &nbsp; Ausflugsm\u00f6glichkeiten: Ziel Entfernung km Kategorie Beschreibung Burg Hohen Neuffen 3,5<\/p>\n","protected":false},"author":1,"featured_media":0,"parent":0,"menu_order":0,"comment_status":"closed","ping_status":"closed","template":"","meta":{"ngg_post_thumbnail":0},"jetpack_sharing_enabled":true,"jetpack_shortlink":"https:\/\/wp.me\/P88xua-cp","_links":{"self":[{"href":"https:\/\/mostkrug.de\/A_Wordpress\/wp-json\/wp\/v2\/pages\/769"}],"collection":[{"href":"https:\/\/mostkrug.de\/A_Wordpress\/wp-json\/wp\/v2\/pages"}],"about":[{"href":"https:\/\/mostkrug.de\/A_Wordpress\/wp-json\/wp\/v2\/types\/page"}],"author":[{"embeddable":true,"href":"https:\/\/mostkrug.de\/A_Wordpress\/wp-json\/wp\/v2\/users\/1"}],"replies":[{"embeddable":true,"href":"https:\/\/mostkrug.de\/A_Wordpress\/wp-json\/wp\/v2\/comments?post=769"}],"version-history":[{"count":1,"href":"https:\/\/mostkrug.de\/A_Wordpress\/wp-json\/wp\/v2\/pages\/769\/revisions"}],"predecessor-version":[{"id":82639,"href":"https:\/\/mostkrug.de\/A_Wordpress\/wp-json\/wp\/v2\/pages\/769\/revisions\/82639"}],"wp:attachment":[{"href":"https:\/\/mostkrug.de\/A_Wordpress\/wp-json\/wp\/v2\/media?parent=769"}],"curies":[{"name":"wp","href":"https:\/\/api.w.org\/{rel}","templated":true}]}}