{"id":81803,"date":"2022-06-01T18:25:08","date_gmt":"2022-06-01T16:25:08","guid":{"rendered":"https:\/\/mostkrug.de\/A_Wordpress\/?page_id=81803"},"modified":"2023-08-11T10:13:25","modified_gmt":"2023-08-11T08:13:25","slug":"schulprojekt-bag-in-box-2022","status":"publish","type":"page","link":"https:\/\/mostkrug.de\/A_Wordpress\/schulprojekt-bag-in-box-2022\/","title":{"rendered":"Schulprojekt Bag in Box 2022"},"content":{"rendered":"<p><strong><img decoding=\"async\" loading=\"lazy\" class=\"alignnone size-medium wp-image-81937\" src=\"https:\/\/mostkrug.de\/A_Wordpress\/wp-content\/uploads\/2022\/09\/Alle-Kinder-300x152.png\" alt=\"\" width=\"300\" height=\"152\" srcset=\"https:\/\/mostkrug.de\/A_Wordpress\/wp-content\/uploads\/2022\/09\/Alle-Kinder-300x152.png 300w, https:\/\/mostkrug.de\/A_Wordpress\/wp-content\/uploads\/2022\/09\/Alle-Kinder-1024x520.png 1024w, https:\/\/mostkrug.de\/A_Wordpress\/wp-content\/uploads\/2022\/09\/Alle-Kinder-768x390.png 768w, https:\/\/mostkrug.de\/A_Wordpress\/wp-content\/uploads\/2022\/09\/Alle-Kinder-1536x780.png 1536w, https:\/\/mostkrug.de\/A_Wordpress\/wp-content\/uploads\/2022\/09\/Alle-Kinder-2048x1039.png 2048w, https:\/\/mostkrug.de\/A_Wordpress\/wp-content\/uploads\/2022\/09\/Alle-Kinder-600x305.png 600w\" sizes=\"(max-width: 300px) 100vw, 300px\" \/><\/strong><\/p>\n<h5>&nbsp;<\/h5>\n<p>Unser Ziel sind mindesten 1000 kg Obst, ergib ca. 700 Liter Saft.<\/p>\n<p>Wenn es mehr ist umso besser. Der Saft h\u00e4lt mindestens zwei Jahre.<\/p>\n<p>Wir sollten sp\u00e4testens bis zum 25.06. wissen wer \u00fcberhaupt Obst hat, sonst k\u00f6nnen wir im schlechtesten Fall (wenn kein Saft gemacht werden kann) keine Gutscheine verkaufen<\/p>\n<p>Zum Ablauf:<br \/>\nEin paar Tage bevor die \u00c4pfel geerntet werden k\u00f6nnen bringe ich oder gerne die Elternhilfe Klapp-Gro\u00dfmarktkisten, in die 20kg \u00c4pfel passen, zu dem Besitzer\/Apfelbaum.<br \/>\nDann wird ein Termin zum Auflesen vereinbart, ich (gerne mit Elternhilfe) hole mit dem Anh\u00e4nger die vollen Kisten ab und bringe diese zu Moste nach H\u00fclben.<br \/>\nDer gepresste Saft wir im Fa\u00df in den den Mostkrug gefahren (gerne mit Elternhilfe)<br \/>\nDort werde ich den Saft hei\u00df (pasteurisieren) in die BiB Beh\u00e4lter&nbsp; abf\u00fcllen.<\/p>\n<p>Herzlichen Dank an die vielen flei\u00dfigen H\u00e4nde.<\/p>\n<p><img decoding=\"async\" loading=\"lazy\" class=\"alignnone size-medium wp-image-81923\" src=\"https:\/\/mostkrug.de\/A_Wordpress\/wp-content\/uploads\/2022\/09\/WhatsApp-Image-2022-08-28-at-14.26.06-300x225.jpeg\" alt=\"\" width=\"300\" height=\"225\" srcset=\"https:\/\/mostkrug.de\/A_Wordpress\/wp-content\/uploads\/2022\/09\/WhatsApp-Image-2022-08-28-at-14.26.06-300x225.jpeg 300w, https:\/\/mostkrug.de\/A_Wordpress\/wp-content\/uploads\/2022\/09\/WhatsApp-Image-2022-08-28-at-14.26.06-1024x768.jpeg 1024w, https:\/\/mostkrug.de\/A_Wordpress\/wp-content\/uploads\/2022\/09\/WhatsApp-Image-2022-08-28-at-14.26.06-768x576.jpeg 768w, https:\/\/mostkrug.de\/A_Wordpress\/wp-content\/uploads\/2022\/09\/WhatsApp-Image-2022-08-28-at-14.26.06-1536x1152.jpeg 1536w, https:\/\/mostkrug.de\/A_Wordpress\/wp-content\/uploads\/2022\/09\/WhatsApp-Image-2022-08-28-at-14.26.06-600x450.jpeg 600w, https:\/\/mostkrug.de\/A_Wordpress\/wp-content\/uploads\/2022\/09\/WhatsApp-Image-2022-08-28-at-14.26.06.jpeg 1600w\" sizes=\"(max-width: 300px) 100vw, 300px\" \/><\/p>\n<p><img decoding=\"async\" loading=\"lazy\" class=\"alignnone size-medium wp-image-81921\" src=\"https:\/\/mostkrug.de\/A_Wordpress\/wp-content\/uploads\/2022\/09\/8fff6a5d-0710-4573-bf13-5ffaec971842-300x225.jpg\" alt=\"\" width=\"300\" height=\"225\" srcset=\"https:\/\/mostkrug.de\/A_Wordpress\/wp-content\/uploads\/2022\/09\/8fff6a5d-0710-4573-bf13-5ffaec971842-300x225.jpg 300w, https:\/\/mostkrug.de\/A_Wordpress\/wp-content\/uploads\/2022\/09\/8fff6a5d-0710-4573-bf13-5ffaec971842-1024x768.jpg 1024w, https:\/\/mostkrug.de\/A_Wordpress\/wp-content\/uploads\/2022\/09\/8fff6a5d-0710-4573-bf13-5ffaec971842-768x576.jpg 768w, https:\/\/mostkrug.de\/A_Wordpress\/wp-content\/uploads\/2022\/09\/8fff6a5d-0710-4573-bf13-5ffaec971842-1536x1152.jpg 1536w, https:\/\/mostkrug.de\/A_Wordpress\/wp-content\/uploads\/2022\/09\/8fff6a5d-0710-4573-bf13-5ffaec971842-600x450.jpg 600w, https:\/\/mostkrug.de\/A_Wordpress\/wp-content\/uploads\/2022\/09\/8fff6a5d-0710-4573-bf13-5ffaec971842.jpg 2048w\" sizes=\"(max-width: 300px) 100vw, 300px\" \/><img decoding=\"async\" loading=\"lazy\" class=\"alignnone wp-image-81919\" src=\"https:\/\/mostkrug.de\/A_Wordpress\/wp-content\/uploads\/2022\/09\/IMG_9404-225x300.jpg\" alt=\"\" width=\"170\" height=\"227\" srcset=\"https:\/\/mostkrug.de\/A_Wordpress\/wp-content\/uploads\/2022\/09\/IMG_9404-225x300.jpg 225w, https:\/\/mostkrug.de\/A_Wordpress\/wp-content\/uploads\/2022\/09\/IMG_9404-768x1024.jpg 768w, https:\/\/mostkrug.de\/A_Wordpress\/wp-content\/uploads\/2022\/09\/IMG_9404-1152x1536.jpg 1152w, https:\/\/mostkrug.de\/A_Wordpress\/wp-content\/uploads\/2022\/09\/IMG_9404-1536x2048.jpg 1536w, https:\/\/mostkrug.de\/A_Wordpress\/wp-content\/uploads\/2022\/09\/IMG_9404-600x800.jpg 600w, https:\/\/mostkrug.de\/A_Wordpress\/wp-content\/uploads\/2022\/09\/IMG_9404-scaled.jpg 1920w\" sizes=\"(max-width: 170px) 100vw, 170px\" \/><\/p>\n<p><img decoding=\"async\" loading=\"lazy\" class=\"alignnone size-medium wp-image-81924\" src=\"https:\/\/mostkrug.de\/A_Wordpress\/wp-content\/uploads\/2022\/09\/e8dadade-66fb-40a8-ac98-2436370a4e26-1-225x300.jpg\" alt=\"\" width=\"225\" height=\"300\" srcset=\"https:\/\/mostkrug.de\/A_Wordpress\/wp-content\/uploads\/2022\/09\/e8dadade-66fb-40a8-ac98-2436370a4e26-1-225x300.jpg 225w, https:\/\/mostkrug.de\/A_Wordpress\/wp-content\/uploads\/2022\/09\/e8dadade-66fb-40a8-ac98-2436370a4e26-1-768x1024.jpg 768w, https:\/\/mostkrug.de\/A_Wordpress\/wp-content\/uploads\/2022\/09\/e8dadade-66fb-40a8-ac98-2436370a4e26-1-1152x1536.jpg 1152w, https:\/\/mostkrug.de\/A_Wordpress\/wp-content\/uploads\/2022\/09\/e8dadade-66fb-40a8-ac98-2436370a4e26-1-600x800.jpg 600w, https:\/\/mostkrug.de\/A_Wordpress\/wp-content\/uploads\/2022\/09\/e8dadade-66fb-40a8-ac98-2436370a4e26-1.jpg 1536w\" sizes=\"(max-width: 225px) 100vw, 225px\" \/> <img decoding=\"async\" loading=\"lazy\" class=\"alignnone size-medium wp-image-81925\" src=\"https:\/\/mostkrug.de\/A_Wordpress\/wp-content\/uploads\/2022\/09\/Beim-Mosten-300x300.png\" alt=\"\" width=\"300\" height=\"300\" srcset=\"https:\/\/mostkrug.de\/A_Wordpress\/wp-content\/uploads\/2022\/09\/Beim-Mosten-300x300.png 300w, https:\/\/mostkrug.de\/A_Wordpress\/wp-content\/uploads\/2022\/09\/Beim-Mosten-1019x1024.png 1019w, https:\/\/mostkrug.de\/A_Wordpress\/wp-content\/uploads\/2022\/09\/Beim-Mosten-150x150.png 150w, https:\/\/mostkrug.de\/A_Wordpress\/wp-content\/uploads\/2022\/09\/Beim-Mosten-768x771.png 768w, https:\/\/mostkrug.de\/A_Wordpress\/wp-content\/uploads\/2022\/09\/Beim-Mosten-1529x1536.png 1529w, https:\/\/mostkrug.de\/A_Wordpress\/wp-content\/uploads\/2022\/09\/Beim-Mosten-230x230.png 230w, https:\/\/mostkrug.de\/A_Wordpress\/wp-content\/uploads\/2022\/09\/Beim-Mosten-365x365.png 365w, https:\/\/mostkrug.de\/A_Wordpress\/wp-content\/uploads\/2022\/09\/Beim-Mosten-100x100.png 100w, https:\/\/mostkrug.de\/A_Wordpress\/wp-content\/uploads\/2022\/09\/Beim-Mosten.png 2029w\" sizes=\"(max-width: 300px) 100vw, 300px\" \/> <img decoding=\"async\" loading=\"lazy\" class=\"alignnone size-medium wp-image-81926\" src=\"https:\/\/mostkrug.de\/A_Wordpress\/wp-content\/uploads\/2022\/09\/BiB-Thomas-300x168.png\" alt=\"\" width=\"300\" height=\"168\" srcset=\"https:\/\/mostkrug.de\/A_Wordpress\/wp-content\/uploads\/2022\/09\/BiB-Thomas-300x168.png 300w, https:\/\/mostkrug.de\/A_Wordpress\/wp-content\/uploads\/2022\/09\/BiB-Thomas-1024x573.png 1024w, https:\/\/mostkrug.de\/A_Wordpress\/wp-content\/uploads\/2022\/09\/BiB-Thomas-768x430.png 768w, https:\/\/mostkrug.de\/A_Wordpress\/wp-content\/uploads\/2022\/09\/BiB-Thomas-1536x860.png 1536w, https:\/\/mostkrug.de\/A_Wordpress\/wp-content\/uploads\/2022\/09\/BiB-Thomas-2048x1147.png 2048w, https:\/\/mostkrug.de\/A_Wordpress\/wp-content\/uploads\/2022\/09\/BiB-Thomas-600x336.png 600w\" sizes=\"(max-width: 300px) 100vw, 300px\" \/>&nbsp;<\/p>\n<p>&nbsp;<\/p>\n<figure id=\"attachment_590\" aria-describedby=\"caption-attachment-590\" style=\"width: 111px\" class=\"wp-caption alignnone\"><img decoding=\"async\" loading=\"lazy\" class=\" wp-image-590\" src=\"https:\/\/mostkrug.de\/A_Wordpress\/wp-content\/uploads\/2017\/01\/BiB2-225x300.jpg\" alt=\"\" width=\"111\" height=\"148\" srcset=\"https:\/\/mostkrug.de\/A_Wordpress\/wp-content\/uploads\/2017\/01\/BiB2-225x300.jpg 225w, https:\/\/mostkrug.de\/A_Wordpress\/wp-content\/uploads\/2017\/01\/BiB2.jpg 600w\" sizes=\"(max-width: 111px) 100vw, 111px\" \/><figcaption id=\"caption-attachment-590\" class=\"wp-caption-text\">5 L Bag in Box Apfelsaft<\/figcaption><\/figure>\n<figure id=\"attachment_81824\" aria-describedby=\"caption-attachment-81824\" style=\"width: 203px\" class=\"wp-caption alignnone\"><img decoding=\"async\" loading=\"lazy\" class=\" wp-image-81824\" src=\"https:\/\/mostkrug.de\/A_Wordpress\/wp-content\/uploads\/2022\/06\/IfkoKiste-300x188.jpg\" alt=\"Ifko Klapp Kiste f\u00fcr 20kg Apfel oder 23 kg Birne\" width=\"203\" height=\"127\" srcset=\"https:\/\/mostkrug.de\/A_Wordpress\/wp-content\/uploads\/2022\/06\/IfkoKiste-300x188.jpg 300w, https:\/\/mostkrug.de\/A_Wordpress\/wp-content\/uploads\/2022\/06\/IfkoKiste-600x375.jpg 600w, https:\/\/mostkrug.de\/A_Wordpress\/wp-content\/uploads\/2022\/06\/IfkoKiste.jpg 619w\" sizes=\"(max-width: 203px) 100vw, 203px\" \/><figcaption id=\"caption-attachment-81824\" class=\"wp-caption-text\">Ifko Klapp Kiste f\u00fcr 20kg Apfel oder 23 kg Birne<\/figcaption><\/figure>\n","protected":false},"excerpt":{"rendered":"<p>&nbsp; Unser Ziel sind mindesten 1000 kg Obst, ergib ca. 700 Liter Saft. Wenn es mehr ist umso besser. Der Saft h\u00e4lt mindestens zwei Jahre. Wir sollten sp\u00e4testens bis zum 25.06. wissen wer \u00fcberhaupt Obst hat, sonst k\u00f6nnen wir im<\/p>\n","protected":false},"author":1,"featured_media":0,"parent":0,"menu_order":0,"comment_status":"closed","ping_status":"closed","template":"","meta":{"ngg_post_thumbnail":0},"jetpack_sharing_enabled":true,"jetpack_shortlink":"https:\/\/wp.me\/P88xua-lhp","_links":{"self":[{"href":"https:\/\/mostkrug.de\/A_Wordpress\/wp-json\/wp\/v2\/pages\/81803"}],"collection":[{"href":"https:\/\/mostkrug.de\/A_Wordpress\/wp-json\/wp\/v2\/pages"}],"about":[{"href":"https:\/\/mostkrug.de\/A_Wordpress\/wp-json\/wp\/v2\/types\/page"}],"author":[{"embeddable":true,"href":"https:\/\/mostkrug.de\/A_Wordpress\/wp-json\/wp\/v2\/users\/1"}],"replies":[{"embeddable":true,"href":"https:\/\/mostkrug.de\/A_Wordpress\/wp-json\/wp\/v2\/comments?post=81803"}],"version-history":[{"count":3,"href":"https:\/\/mostkrug.de\/A_Wordpress\/wp-json\/wp\/v2\/pages\/81803\/revisions"}],"predecessor-version":[{"id":82267,"href":"https:\/\/mostkrug.de\/A_Wordpress\/wp-json\/wp\/v2\/pages\/81803\/revisions\/82267"}],"wp:attachment":[{"href":"https:\/\/mostkrug.de\/A_Wordpress\/wp-json\/wp\/v2\/media?parent=81803"}],"curies":[{"name":"wp","href":"https:\/\/api.w.org\/{rel}","templated":true}]}}