{"id":81970,"date":"2022-10-08T13:38:52","date_gmt":"2022-10-08T11:38:52","guid":{"rendered":"https:\/\/mostkrug.de\/A_Wordpress\/?page_id=81970"},"modified":"2025-04-22T17:28:37","modified_gmt":"2025-04-22T15:28:37","slug":"agb-ferienwohnung","status":"publish","type":"page","link":"https:\/\/mostkrug.de\/A_Wordpress\/agb-ferienwohnung\/","title":{"rendered":"AGB Ferienwohnung"},"content":{"rendered":"<p>&nbsp;<\/p>\n<section id=\"article-679\" class=\"mod_article grid-center first last block\">\n<div class=\"ce_text col-12_md-9 first block\">\n<h1>Allgemeine Gesch\u00e4ftsbedingungen<\/h1>\n<p>Ferienwohnung im Mostkrug<br \/>\nThomas Dieterich<br \/>\nKirchstr.9<br \/>\n73268 Erkenbrechtsweiler<\/p>\n<\/div>\n<div class=\"ce_text col-12_md-9 block\">\n<h3>1.Geltungsbereich<\/h3>\n<p>1.1 Die Allgemeinen Gesch\u00e4ftsbedingungen gelten f\u00fcr Vertr\u00e4ge \u00fcber die mietweise \u00dcberlassung von Ferienwohnungen zur Beherbergung sowie alle f\u00fcr den Mieter erbrachten weiteren Leistungen und Lieferungen des Vermieters.<\/p>\n<p>1.2 Die Unter- oder Weitervermietung der \u00fcberlassenen Ferienwohnung sowie deren Nutzung zu anderen als Wohnzwecken bed\u00fcrfen der vorherigen schriftlichen Zustimmung des Vermieters.<\/p>\n<p>&nbsp;<\/p>\n<\/div>\n<div class=\"ce_text col-12_md-9 block\">\n<h3>2. Buchung\/Buchungsbest\u00e4tigung<\/h3>\n<p>Buchungen der Ferienwohnungen erfolgen \u00fcber das Buchungsprogramm auf der Website. Die Reservierung f\u00fcr die Ferienwohnung ist mit Abschluss des Buchungsprozesses und Erhalt der Buchungsbest\u00e4tigung, bzw. nach erfolgter Anzahlungzahlung rechtskr\u00e4ftig. Der Mieter erkl\u00e4rt sich mit der Buchung mit den Allgemeinen Gesch\u00e4ftsbedingungen sowie der Hausordnung des Vermieters einverstanden.<\/p>\n<p>&nbsp;<\/p>\n<\/div>\n<div class=\"ce_text col-12_md-9 block\">\n<h3>3. Zahlungsbedingungen<\/h3>\n<p>Die Anzahlung in H\u00f6he von 30% der Gesamtsumme ist innerhalb von 4 Tagen nach Buchungsbest\u00e4tigung auf das Konto des Vermieters zu \u00fcberweisen.<\/p>\n<p>Die Restzahlung ist sp\u00e4testens bei Abreise zu begleichen. Bei kurzfristigen Buchungen ist der Gesamtpreis sofort nach Rechnungserhalt\/ Buchungsbest\u00e4tigung zu \u00fcberweisen.<\/p>\n<p>Bei Zahlungsverzug erh\u00e4lt der Gast zun\u00e4chst eine Zahlungserinnerung. F\u00fcr jede anschlie\u00dfende Mahnung nach Verzugseintritt fallen 15,00 Euro Mahngeb\u00fchren an. Transaktionsgeb\u00fchren (bspw. \u00dcberweisung aus dem Ausland) sind vom Mieter zu tragen. Nach vorheriger Absprache sind Bargeldzahlungen vor Ort m\u00f6glich.<\/p>\n<p><strong>Bitte beachten sie auch den Punkt 8, Reiser\u00fccktritt<\/strong><\/p>\n<\/div>\n<div class=\"ce_text col-12_md-9 block\">\n<h3>4. An-\/Abreise<\/h3>\n<p>Die Ferienwohnung steht am Anreisetag ab 15.00 Uhr bzw. nach Absprache zur Verf\u00fcgung. Die Schl\u00fcssel\u00fcbergabe erfolgt \u00fcber einen Schl\u00fcsseltresor. Am Abreisetag ist die Ferienwohnung bis 11.00 Uhr bzw. nach Absprache zu r\u00e4umen. Der Vermieter beh\u00e4lt sich vor, eine mehr als 60 Minuten versp\u00e4tete Abreise entsprechend in Rechnung zu stellen.<\/p>\n<p>&nbsp;<\/p>\n<\/div>\n<div class=\"ce_text col-12_md-9 block\">\n<h3>5. Aufenthalt<\/h3>\n<p>5.1 Die Nutzung der Ferienwohnung ist den bei Buchung dem Vermieter mitgeteilten G\u00e4sten vorbehalten. Sollte das Objekt von mehr Personen als vereinbart benutzt werden, ist f\u00fcr diese ein gesondertes Entgelt gem\u00e4\u00df Preisliste zu zahlen. Eine Untervermietung und \u00dcberlassung der Wohnung an Dritte ist nicht erlaubt. Der Mietvertrag darf nicht an dritte Personen weitergegeben werden.<\/p>\n<p>5.2 Bei Verst\u00f6\u00dfen gegen die AGBs oder die Hausordnung ist der Vermieter berechtigt, das Mietverh\u00e4ltnis sofort und fristlos zu k\u00fcndigen. Ein Rechtsanspruch auf R\u00fcckzahlung des Mietzinses oder eine Entsch\u00e4digung besteht nicht.<\/p>\n<p>&nbsp;<\/p>\n<\/div>\n<div class=\"ce_text col-12_md-9 block\">\n<h3>6. Sachzustand<\/h3>\n<p>Die Ferienwohnung wird vom Vermieter in einem gereinigten Zustand \u00fcbergeben. Sollten M\u00e4ngel bestehen oder w\u00e4hrend der Mietzeit auftreten, ist der Vermieter hiervon unverz\u00fcglich in Kenntnis zu setzen. Der Mieter haftet f\u00fcr die von ihm verursachten Sch\u00e4den am Mietobjekt sowie dem Inventar. Bei Verlust des Objekt-Schl\u00fcssels beh\u00e4lt sich der Vermieter das Recht vor, die Schlie\u00dfanlage auszutauschen und dem Mieter die anfallenden Kosten in Rechnung zu stellen.<\/p>\n<p>Das Inventar ist angemessen zu behandeln und nur f\u00fcr den Verbleib in den Ferienwohnungen vorgesehen. Das Umstellen von Einrichtungsgegenst\u00e4nden, insbesondere Betten, ist untersagt. Bei vertragswidrigem Gebrauch der Ferienwohnung, wie Untervermietung, \u00dcberbelegung, St\u00f6rung des Hausfriedens sowie bei Nichtzahlung des vollen Mietpreises kann der Vertrag fristlos durch den Vermieter gek\u00fcndigt werden. Eventuell bereits geleistete Zahlungen durch den Mieter bleiben in diesem Fall beim Vermieter.<\/p>\n<p>Sollte der Mieter f\u00fcr eine eventuelle Schadensregulierung seine Haftpflichtversicherung in Anspruch nehmen wollen, ist dies dem Vermieter unter Nennung von Namen und Anschrift, sowie der Versicherungsnummer der Versicherung mitzuteilen.<\/p>\n<p>&nbsp;<\/p>\n<\/div>\n<div class=\"ce_text col-12_md-9 block\">\n<h3>7. Haustiere<\/h3>\n<p>Die Unterbringung von Haustieren jedweder ist nicht erlaubt. Bei Missachtung beh\u00e4lt sich der Vermieter das Recht vor, den Mietvertrag fristlos zu k\u00fcndigen und eine professionelle Reinigung auf Kosten des Mieters durchf\u00fchren zu lassen.<\/p>\n<\/div>\n<div class=\"ce_text col-12_md-9 block\">\n<h3>8. Reiser\u00fccktritt<\/h3>\n<p>Bei einem R\u00fccktritt vom Mietvertrag ist der Mieter verpflichtet, einen Teil des vereinbarten Preises als Entsch\u00e4digung zu zahlen. Eine Stornierung hat schriftlich zu erfolgen. Die H\u00f6he der Entsch\u00e4digung richtet sich nach der Zeit bis zum Anreisetag und ergibt sich wie folgt:<\/p>\n<ul>\n<li>7\u201328 Tage vor dem Anreisetag 50 % des vereinbarten Mietpreises<\/li>\n<li>0\u20136 Tage vor dem Anreisetag oder bei Nichtanreise 90 % des vereinbarten Mietpreises<\/li>\n<\/ul>\n<\/div>\n<div class=\"ce_text col-12_md-9 block\">\n<h3>9. R\u00fccktritt durch den Vermieter<\/h3>\n<p>Der Vermieter beh\u00e4lt sich das Recht vor, in F\u00e4llen von h\u00f6herer Gewalt oder anderer unvorhersehbarer Umst\u00e4nde, die die Erf\u00fcllung des Mietvertrages unm\u00f6glich machen, vom Mietvertrag zur\u00fcckzutreten. In diesem Fall beschr\u00e4nkt sich die Haftung auf die R\u00fcckerstattung des Mietpreises. Bei berechtigtem R\u00fccktritt entsteht kein Anspruch des Mieters auf Schadensersatz. Eine Haftung f\u00fcr Reise- und Hotelkosten ist ausgeschlossen.<\/p>\n<\/div>\n<div class=\"ce_text col-12_md-9 block\">\n<h3>10. Haftung des Vermieters \/ Sicherheit und Verantwortung auch f\u00fcr Kinder und Kleinkinder<\/h3>\n<p>Der Vermieter haftet im Rahmen der Sorgfaltspflicht eines ordentlichen Kaufmanns f\u00fcr die ordentliche Bereitstellung des Mietobjekts. Eine Haftung f\u00fcr eventuelle Ausf\u00e4lle bzw. St\u00f6rungen in Wasser- oder Stromversorgung sowie Ereignisse und Folgen durch h\u00f6here Gewalt sind hiermit ausgeschlossen. F\u00fcr vom Gast eingebrachte Sachen haftet der Vermieter nur im Rahmen der gesetzlichen Bestimmungen.<\/p>\n<\/div>\n<p><strong>Eltern sind f\u00fcr die Sicherheit ihre Kinder&nbsp; verantwortlich und haften auch f\u00fcr die Kinder.<\/strong><\/p>\n<p><strong>Es ist eine Sicherheitst\u00fcre zur Treppe eingebaut die verschlossen werden muss. Es darf nirgens hochgeklettert werden.<\/strong><\/p>\n<div class=\"ce_text col-12_md-9 block\">\n<h3>11. WLAN-Nutzung<\/h3>\n<p>11.1 Der Vermieter unterh\u00e4lt in seinem Ferienobjekt einen Internetzugang \u00fcber WLAN. Die Zugangsinformationen erh\u00e4lt der Mieter bei Anreise vom Vermieter. Er gestattet dem Mieter f\u00fcr die Dauer seines Aufenthaltes im Mietobjekt eine Mitbenutzung des WLAN-Zugangs.<\/p>\n<p>11.2 Sollte der Vermieter Kenntnis \u00fcber die rechtswidrige Nutzung des WLAN-Zugangs (Filesharing, Pornografie o.\u00e4.) durch den Mieter erlangen, wird er die Mitnutzung des Mieters umgehend ausschlie\u00dfen und die Beh\u00f6rden \u00fcber den Missbrauch informieren.<\/p>\n<p>11.3 Der Vermieter haftet dem Mieter gegen\u00fcber f\u00fcr St\u00f6rungen des WLAN-Zugangs nicht. Der Vermieter ist berechtigt, den Nutzungsumfang des WLAN-Zugangs des Mieters jederzeit einzuschr\u00e4nken.<\/p>\n<p>11.4 Der Vermieter \u00fcbernimmt keine Haftung f\u00fcr eventuelle Sch\u00e4den (Malware o.\u00e4.), die durch die Nutzung des WLAN-Zugangs entstehen. Der Mieter hat eigenst\u00e4ndig f\u00fcr die Sicherheit seiner Daten zu sorgen.<\/p>\n<p>11.5 Werden durch den Mieter \u00fcber das WLAN kostenpflichtige Dienstleistungen o.\u00e4. in Anspruch genommen, \u00fcbernimmt er hierf\u00fcr vollumf\u00e4nglich die anfallenden Kosten.<\/p>\n<p>&nbsp;<\/p>\n<\/div>\n<div class=\"ce_text col-12_md-9 block\">\n<h3>12. Schriftform<\/h3>\n<p>Von den AGB abweichende Absprachen bed\u00fcrfen der Schriftform. M\u00fcndliche Absprachen wurden nicht getroffen.<\/p>\n<p>&nbsp;<\/p>\n<\/div>\n<div class=\"ce_text col-12_md-9 last block\">\n<h3>13. Salvatorische Klausel<\/h3>\n<p>Sollte eine oder mehrere Bestimmungen dieser AGB unwirksam werden, so wird die Wirksamkeit der \u00fcbrigen Bestimmungen hiervon nicht ber\u00fchrt. Die unwirksame Bestimmung ist durch eine wirksame zu ersetzen, die dem mit der unwirksamen Bestimmung verfolgten wirtschaftlichen Zweck am n\u00e4chsten kommt.<\/p>\n<p>Erkenbrechtsweiler, den 01.10.2022<\/p>\n<\/div>\n<\/section>\n","protected":false},"excerpt":{"rendered":"<p>&nbsp; Allgemeine Gesch\u00e4ftsbedingungen Ferienwohnung im Mostkrug Thomas Dieterich Kirchstr.9 73268 Erkenbrechtsweiler 1.Geltungsbereich 1.1 Die Allgemeinen Gesch\u00e4ftsbedingungen gelten f\u00fcr Vertr\u00e4ge \u00fcber die mietweise \u00dcberlassung von Ferienwohnungen zur Beherbergung sowie alle f\u00fcr den Mieter erbrachten weiteren Leistungen und Lieferungen des Vermieters. 1.2<\/p>\n","protected":false},"author":1,"featured_media":0,"parent":0,"menu_order":0,"comment_status":"closed","ping_status":"closed","template":"","meta":{"ngg_post_thumbnail":0},"jetpack_sharing_enabled":true,"jetpack_shortlink":"https:\/\/wp.me\/P88xua-lk6","_links":{"self":[{"href":"https:\/\/mostkrug.de\/A_Wordpress\/wp-json\/wp\/v2\/pages\/81970"}],"collection":[{"href":"https:\/\/mostkrug.de\/A_Wordpress\/wp-json\/wp\/v2\/pages"}],"about":[{"href":"https:\/\/mostkrug.de\/A_Wordpress\/wp-json\/wp\/v2\/types\/page"}],"author":[{"embeddable":true,"href":"https:\/\/mostkrug.de\/A_Wordpress\/wp-json\/wp\/v2\/users\/1"}],"replies":[{"embeddable":true,"href":"https:\/\/mostkrug.de\/A_Wordpress\/wp-json\/wp\/v2\/comments?post=81970"}],"version-history":[{"count":4,"href":"https:\/\/mostkrug.de\/A_Wordpress\/wp-json\/wp\/v2\/pages\/81970\/revisions"}],"predecessor-version":[{"id":82703,"href":"https:\/\/mostkrug.de\/A_Wordpress\/wp-json\/wp\/v2\/pages\/81970\/revisions\/82703"}],"wp:attachment":[{"href":"https:\/\/mostkrug.de\/A_Wordpress\/wp-json\/wp\/v2\/media?parent=81970"}],"curies":[{"name":"wp","href":"https:\/\/api.w.org\/{rel}","templated":true}]}}