{"id":82629,"date":"2024-12-09T13:39:28","date_gmt":"2024-12-09T12:39:28","guid":{"rendered":"https:\/\/mostkrug.de\/A_Wordpress\/?page_id=82629"},"modified":"2025-11-02T07:58:37","modified_gmt":"2025-11-02T06:58:37","slug":"unternehmungen-freizeit-tourismuss","status":"publish","type":"page","link":"https:\/\/mostkrug.de\/A_Wordpress\/unternehmungen-freizeit-tourismuss\/","title":{"rendered":"Unternehmungen \/ Freizeit \/ Tourismus"},"content":{"rendered":"<div class=\"_178zopn\">\n<div>\n<p>Vom Mostkrug aus sind wundersch\u00f6ne Wanderungen und Ausfl\u00fcge m\u00f6glich.<br \/>\nBurg Hohen Neuffen (2 km), Beuren mit einem tollen Thermalbad (4 km), Reutlingen (22 km), Metzingen (15km), Stuttgart (42 km), Ulm (40 km).<\/p>\n<ul>\n<li><a href=\"https:\/\/www.region-heidengraben.de\/region\" target=\"_blank\" rel=\"noopener\">Informationszentrum\/Region am Heidengraben<\/a> Sp\u00e4tkeltische Geschichte hautnah erleben<\/li>\n<li><a href=\"https:\/\/keltenmuseum-heidengraben.jimdoweb.com\/keltenmuseum\/\" target=\"_blank\" rel=\"noopener\">Keltenmuseum Heidengraben in Grabenstetten<\/a><\/li>\n<\/ul>\n<\/div>\n<\/div>\n<ul>\n<li><a href=\"https:\/\/www.erkenbrechtsweiler.de\/freizeit-tourismus\/aktiv-erleben\/wandertouren\" target=\"_blank\" rel=\"noopener\">Wanderungen<\/a> rund um Erkenbrechtsweiler<\/li>\n<li><a href=\"https:\/\/www.erkenbrechtsweiler.de\/freizeit-tourismus\/aktiv-erleben\/radtouren\" target=\"_blank\" rel=\"noopener\">Radtouren<\/a> rund um Erkenbrechtsweiler<\/li>\n<li><a href=\"https:\/\/www.erkenbrechtsweiler.de\/freizeit-tourismus\/aktiv-erleben\/wintersport\" target=\"_blank\" rel=\"noopener\">Wintersport<\/a> rund um Erkenbrechtsweiler<\/li>\n<li><a href=\"https:\/\/www.erkenbrechtsweiler.de\/freizeit-tourismus\/aktiv-erleben\/gleitschirm-\/drachenfliegen\" target=\"_blank\" rel=\"noopener\">Gleitschirm-\/Drachenfliegen<\/a> in unmittelbarer N\u00e4he (2 km Richtung Hohen Neuffen)<\/li>\n<\/ul>\n<p>Ausflugsm\u00f6glichkeiten:<\/p>\n<table width=\"1120\">\n<tbody>\n<tr>\n<td width=\"236\">Ziel<\/td>\n<td width=\"111\">Entfernung km<\/td>\n<td width=\"175\">Kategorie<\/td>\n<td width=\"395\">Beschreibung<\/td>\n<\/tr>\n<tr>\n<td>Burg Hohen Neuffen<\/td>\n<td>3,5<\/td>\n<td>Wandern \/ Essen<\/td>\n<td>alte Burg mit herrlicher Aussicht und feiner Gastronomie<\/td>\n<\/tr>\n<tr>\n<td>Grabenstetten, Flugplatz<\/td>\n<td>4<\/td>\n<td>Fliegen<\/td>\n<td>Rundfl\u00fcge, Motor- und Segelflugzeug<\/td>\n<\/tr>\n<tr>\n<td>H\u00fclben, Flugplatz<\/td>\n<td>4<\/td>\n<td>Fliegen<\/td>\n<td>Rundfl\u00fcge, Motor- und Segelflugzeug<\/td>\n<\/tr>\n<tr>\n<td>Freilichtmuseum Beuren<\/td>\n<td>4<\/td>\n<td>Kultur<\/td>\n<td>leben im Schwabenland vor 200 Jahren<\/td>\n<\/tr>\n<tr>\n<td>Thermalbad Beuren<\/td>\n<td>5<\/td>\n<td>Relaxen \/ Schwimmen<\/td>\n<td>sch\u00f6nes Thermalbad mit Saunalanschaft<\/td>\n<\/tr>\n<tr>\n<td>Astropfad<\/td>\n<td>6<\/td>\n<td>Wandern<\/td>\n<td>Rundwanderweg, siehe Karte<\/td>\n<\/tr>\n<tr>\n<td>B\u00f6hringen, Familie Schepper<\/td>\n<td>12<\/td>\n<td>Sport \/ Wandern<\/td>\n<td>sehr gro\u00dfer Pferdehof mit Reitm\u00f6glichkeit<\/td>\n<\/tr>\n<tr>\n<td>Beurener Fels, Aussichtspunkt<\/td>\n<td>12<\/td>\n<td>Wandern<\/td>\n<td>12 km Rundwanderweg mit Aussichtspunkten, siehe Karte<\/td>\n<\/tr>\n<tr>\n<td>Kirchheim \/ Teck<\/td>\n<td>15<\/td>\n<td>Ausgehen<\/td>\n<td>sch\u00f6ne Kleinstadt<\/td>\n<\/tr>\n<tr>\n<td>N\u00fcrtingen<\/td>\n<td>15<\/td>\n<td>Ausgehen<\/td>\n<td>Kleinstadt<\/td>\n<\/tr>\n<tr>\n<td>N\u00fcrtingen, Frei- und Hallenbad<\/td>\n<td>15<\/td>\n<td>Schwimmen und Relaxen<\/td>\n<td>sehr gro\u00dfes Freibad<\/td>\n<\/tr>\n<tr>\n<td>Uracher Wasserfall<\/td>\n<td>15<\/td>\n<td>Wandern<\/td>\n<td>sehr sch\u00f6ne Landschaft<\/td>\n<\/tr>\n<tr>\n<td>Holzmaden<\/td>\n<td>20<\/td>\n<td>Kultur<\/td>\n<td>sehr interessantes Urweltmuseum Hauff<\/td>\n<\/tr>\n<tr>\n<td>Metzingen Outletcity<\/td>\n<td>25<\/td>\n<td>Shopping<\/td>\n<td>bestes Outletcenter Deutschlands<\/td>\n<\/tr>\n<tr>\n<td>Kletterwald Laichingen<\/td>\n<td>30<\/td>\n<td>Sport<\/td>\n<td>sch\u00f6nster Kletterwald Deutschlands<\/td>\n<\/tr>\n<tr>\n<td>Tiefenh\u00f6hle Laichingen<\/td>\n<td>30<\/td>\n<td>Wandern<\/td>\n<td>beeindruckende H\u00f6hle<\/td>\n<\/tr>\n<tr>\n<td>T\u00fcbingen<\/td>\n<td>38<\/td>\n<td>Ausgehen \/ Shopping<\/td>\n<td>sch\u00f6ne alte Universit\u00e4tsstadt<\/td>\n<\/tr>\n<tr>\n<td>Stadt Reutlingen<\/td>\n<td>40<\/td>\n<td>Ausgehen \/ Shopping<\/td>\n<td>Stadt<\/td>\n<\/tr>\n<tr>\n<td>Trochtelfingen, Albgold Nudelfabrik<\/td>\n<td>40<\/td>\n<td>Essen \/ Kultur<\/td>\n<td>Nudeln, Sp\u00e4tzle und Veranstaltungen<\/td>\n<\/tr>\n<tr>\n<td>Schloss Lichtenstein<\/td>\n<td>40<\/td>\n<td>Kultur<\/td>\n<td>neuzeitliches Schloss<\/td>\n<\/tr>\n<tr>\n<td>Merzedes Benz Museum<\/td>\n<td>46<\/td>\n<td>Kultur \/ Auto<\/td>\n<td>Ein interessantes Museum, nicht nur f\u00fcr Autofans<\/td>\n<\/tr>\n<tr>\n<td>Stadt Stuttgart<\/td>\n<td>48<\/td>\n<td>Ausgehen \/ Shopping<\/td>\n<td>Landeshauptstadt mit gro\u00dfem Zoo und Fernsehturm<\/td>\n<\/tr>\n<tr>\n<td>Ulm \/ Ulmer M\u00fcnster<\/td>\n<td>63<\/td>\n<td>Kultur<\/td>\n<td>sch\u00f6ne Stadt mit h\u00f6chster Kirche der Welt<\/td>\n<\/tr>\n<tr>\n<td>Burg Hohenzollern<\/td>\n<td>65<\/td>\n<td>Kultur<\/td>\n<td>sehr beeindruckende Burg<\/td>\n<\/tr>\n<tr>\n<td>Friedrichshafen am Bodensee<\/td>\n<td>150<\/td>\n<td>Ausgehen \/ Kultur<\/td>\n<td>sch\u00f6ner Ort am Bodensee<\/td>\n<\/tr>\n<tr>\n<td>Heidelberg<\/td>\n<td>160<\/td>\n<td>Kultur \/ Ausgehen<\/td>\n<td>sch\u00f6ne Universit\u00e4tsstadt<\/td>\n<\/tr>\n<tr>\n<td>Schloss Neuschwanstein<\/td>\n<td>220<\/td>\n<td>Kultur \/ Wandern<\/td>\n<td>sehr sch\u00f6nes Schloss in sch\u00f6ner Landschaft<\/td>\n<\/tr>\n<\/tbody>\n<\/table>\n","protected":false},"excerpt":{"rendered":"<p>Vom Mostkrug aus sind wundersch\u00f6ne Wanderungen und Ausfl\u00fcge m\u00f6glich. Burg Hohen Neuffen (2 km), Beuren mit einem tollen Thermalbad (4 km), Reutlingen (22 km), Metzingen (15km), Stuttgart (42 km), Ulm (40 km). Informationszentrum\/Region am Heidengraben Sp\u00e4tkeltische Geschichte hautnah erleben Keltenmuseum<\/p>\n","protected":false},"author":1,"featured_media":0,"parent":0,"menu_order":0,"comment_status":"closed","ping_status":"closed","template":"","meta":{"ngg_post_thumbnail":0},"jetpack_sharing_enabled":true,"jetpack_shortlink":"https:\/\/wp.me\/P88xua-luJ","_links":{"self":[{"href":"https:\/\/mostkrug.de\/A_Wordpress\/wp-json\/wp\/v2\/pages\/82629"}],"collection":[{"href":"https:\/\/mostkrug.de\/A_Wordpress\/wp-json\/wp\/v2\/pages"}],"about":[{"href":"https:\/\/mostkrug.de\/A_Wordpress\/wp-json\/wp\/v2\/types\/page"}],"author":[{"embeddable":true,"href":"https:\/\/mostkrug.de\/A_Wordpress\/wp-json\/wp\/v2\/users\/1"}],"replies":[{"embeddable":true,"href":"https:\/\/mostkrug.de\/A_Wordpress\/wp-json\/wp\/v2\/comments?post=82629"}],"version-history":[{"count":8,"href":"https:\/\/mostkrug.de\/A_Wordpress\/wp-json\/wp\/v2\/pages\/82629\/revisions"}],"predecessor-version":[{"id":82800,"href":"https:\/\/mostkrug.de\/A_Wordpress\/wp-json\/wp\/v2\/pages\/82629\/revisions\/82800"}],"wp:attachment":[{"href":"https:\/\/mostkrug.de\/A_Wordpress\/wp-json\/wp\/v2\/media?parent=82629"}],"curies":[{"name":"wp","href":"https:\/\/api.w.org\/{rel}","templated":true}]}}