{"id":2484,"date":"2019-12-04T15:19:32","date_gmt":"2019-12-04T14:19:32","guid":{"rendered":"https:\/\/mostkrug.de\/A_Wordpress\/?post_type=product&#038;p=2484"},"modified":"2021-01-01T11:45:51","modified_gmt":"2021-01-01T10:45:51","slug":"1-laib-schwaebisches-fruechtebrot-500g","status":"publish","type":"product","link":"https:\/\/mostkrug.de\/A_Wordpress\/produkt\/1-laib-schwaebisches-fruechtebrot-500g\/","title":{"rendered":"1 Laib Schw\u00e4bisches Fr\u00fcchtebrot, 500g"},"content":{"rendered":"<p>Seit vielen Jahren beliebt und begehrt, nicht nur als Geschenk:<\/p>\n<p>Das Schw\u00e4bische Fr\u00fcchtebrot.<\/p>\n<p>Enth\u00e4lt viele getrocknete Fr\u00fcchte&nbsp; sowie beste Zutaten und wird bei uns im Biosph\u00e4rengebiet gebacken!<\/p>\n<p>&nbsp;<\/p>\n<p>&nbsp;<br \/>\n&nbsp;<\/p>\n","protected":false},"excerpt":{"rendered":"<p>Seit vielen Jahren beliebt und begehrt, nicht nur als Geschenk:<\/p>\n<p>Das Schw\u00e4bische Fr\u00fcchtebrot.<\/p>\n<p>Enth\u00e4lt viele getrocknete Fr\u00fcchte sowie weitere beste Zutaten und wird bei uns im Biosph\u00e4rengebiet gebacken!<\/p>\n<p>&nbsp;<\/p>\n<p>&nbsp;<\/p>\n<p>&nbsp;<\/p>\n","protected":false},"featured_media":2485,"template":"","meta":{"ngg_post_thumbnail":0},"product_cat":[51],"product_tag":[],"wpstream_actors":[],"wpstream_category":[],"wpstream_movie_rating":[],"jetpack_publicize_connections":[],"jetpack_sharing_enabled":true,"_links":{"self":[{"href":"https:\/\/mostkrug.de\/A_Wordpress\/wp-json\/wp\/v2\/product\/2484"}],"collection":[{"href":"https:\/\/mostkrug.de\/A_Wordpress\/wp-json\/wp\/v2\/product"}],"about":[{"href":"https:\/\/mostkrug.de\/A_Wordpress\/wp-json\/wp\/v2\/types\/product"}],"wp:featuredmedia":[{"embeddable":true,"href":"https:\/\/mostkrug.de\/A_Wordpress\/wp-json\/wp\/v2\/media\/2485"}],"wp:attachment":[{"href":"https:\/\/mostkrug.de\/A_Wordpress\/wp-json\/wp\/v2\/media?parent=2484"}],"wp:term":[{"taxonomy":"product_cat","embeddable":true,"href":"https:\/\/mostkrug.de\/A_Wordpress\/wp-json\/wp\/v2\/product_cat?post=2484"},{"taxonomy":"product_tag","embeddable":true,"href":"https:\/\/mostkrug.de\/A_Wordpress\/wp-json\/wp\/v2\/product_tag?post=2484"},{"taxonomy":"wpstream_actors","embeddable":true,"href":"https:\/\/mostkrug.de\/A_Wordpress\/wp-json\/wp\/v2\/wpstream_actors?post=2484"},{"taxonomy":"wpstream_category","embeddable":true,"href":"https:\/\/mostkrug.de\/A_Wordpress\/wp-json\/wp\/v2\/wpstream_category?post=2484"},{"taxonomy":"wpstream_movie_rating","embeddable":true,"href":"https:\/\/mostkrug.de\/A_Wordpress\/wp-json\/wp\/v2\/wpstream_movie_rating?post=2484"}],"curies":[{"name":"wp","href":"https:\/\/api.w.org\/{rel}","templated":true}]}}