{"id":2806,"date":"2020-11-14T16:42:08","date_gmt":"2020-11-14T15:42:08","guid":{"rendered":"https:\/\/mostkrug.de\/A_Wordpress\/?post_type=product&#038;p=2806"},"modified":"2023-12-12T16:29:09","modified_gmt":"2023-12-12T15:29:09","slug":"mostkrug-gutschein-15-e-kopie","status":"publish","type":"product","link":"https:\/\/mostkrug.de\/A_Wordpress\/produkt\/mostkrug-gutschein-15-e-kopie\/","title":{"rendered":"Erlebte Geschichten aus 75 Jahren mit zahlreichen Abbildungen, nicht nur was f\u00fcr Pferdeliebhaber"},"content":{"rendered":"<p>Erlebte Geschichten aus 75 Jahren.<\/p>\n<p>Zahlreiche Abbildungen.<br \/>\nGeorg Lamparter, geboren 1928 in Grabenstetten war Landwirt, Fleckviehz\u00fcchter und Obstbaumwart. \u00dcber die Jahrzehnte auf der Schw\u00e4bischen Alb hat er vielf\u00e4ltige Geschichten mit Tieren, Menschen und der Natur gesammelt.<\/p>\n<p>Der Verleger ist Gotthold Knecht. Auch zum Verschenken eine sehr sch\u00f6ne Idee.<\/p>\n<p>Ich kenne Gotthold Knecht und Georg Lamparter pers\u00f6nlich.<\/p>\n<p>Es macht wirklich Freude in diesem Buch zu lesen.<\/p>\n","protected":false},"excerpt":{"rendered":"<p>Erlebte Geschichten aus 75 Jahren.<\/p>\n<p>Zahlreiche Abbildungen.<br \/>\nGeorg Lamparter, geboren 1928 in Grabenstetten war Landwirt, Fleckviehz\u00fcchter und Obstbaumwart. \u00dcber die Jahrzehnte auf der Schw\u00e4bischen Alb hat er vielf\u00e4ltige Geschichten mit Tieren, Menschen und der Natur gesammelt.<\/p>\n","protected":false},"featured_media":2804,"template":"","meta":{"ngg_post_thumbnail":0},"product_cat":[62],"product_tag":[],"wpstream_actors":[],"wpstream_category":[],"wpstream_movie_rating":[],"jetpack_publicize_connections":[],"jetpack_sharing_enabled":true,"_links":{"self":[{"href":"https:\/\/mostkrug.de\/A_Wordpress\/wp-json\/wp\/v2\/product\/2806"}],"collection":[{"href":"https:\/\/mostkrug.de\/A_Wordpress\/wp-json\/wp\/v2\/product"}],"about":[{"href":"https:\/\/mostkrug.de\/A_Wordpress\/wp-json\/wp\/v2\/types\/product"}],"wp:featuredmedia":[{"embeddable":true,"href":"https:\/\/mostkrug.de\/A_Wordpress\/wp-json\/wp\/v2\/media\/2804"}],"wp:attachment":[{"href":"https:\/\/mostkrug.de\/A_Wordpress\/wp-json\/wp\/v2\/media?parent=2806"}],"wp:term":[{"taxonomy":"product_cat","embeddable":true,"href":"https:\/\/mostkrug.de\/A_Wordpress\/wp-json\/wp\/v2\/product_cat?post=2806"},{"taxonomy":"product_tag","embeddable":true,"href":"https:\/\/mostkrug.de\/A_Wordpress\/wp-json\/wp\/v2\/product_tag?post=2806"},{"taxonomy":"wpstream_actors","embeddable":true,"href":"https:\/\/mostkrug.de\/A_Wordpress\/wp-json\/wp\/v2\/wpstream_actors?post=2806"},{"taxonomy":"wpstream_category","embeddable":true,"href":"https:\/\/mostkrug.de\/A_Wordpress\/wp-json\/wp\/v2\/wpstream_category?post=2806"},{"taxonomy":"wpstream_movie_rating","embeddable":true,"href":"https:\/\/mostkrug.de\/A_Wordpress\/wp-json\/wp\/v2\/wpstream_movie_rating?post=2806"}],"curies":[{"name":"wp","href":"https:\/\/api.w.org\/{rel}","templated":true}]}}