{"id":2886,"date":"2020-11-30T07:02:49","date_gmt":"2020-11-30T06:02:49","guid":{"rendered":"https:\/\/mostkrug.de\/A_Wordpress\/?post_type=product&#038;p=2886"},"modified":"2021-09-30T14:36:32","modified_gmt":"2021-09-30T12:36:32","slug":"glueh-most","status":"publish","type":"product","link":"https:\/\/mostkrug.de\/A_Wordpress\/produkt\/glueh-most\/","title":{"rendered":"Gl\u00fch-Most 1L, nicht so s\u00fc\u00df, w\u00e4rmt und tut gut"},"content":{"rendered":"<p>Aus Apfel-Most<\/p>\n<p>fein abgeschmeckt mit Bio-Orangen, Zimt, Sternanis, Nelke, Rohrzucker<br \/>\nNICHT kochen, max 55 \u00b0C &nbsp;<\/p>\n<p>5,5 % vol.<\/p>\n<p>Beste Trinktemperatur 55\u00b0C<br \/>\nUnseren Schw\u00e4bischen Most keltern wir nur aus handverlesenem Obst von naturbelassenen Streuobstwiesen rund um Erkenbrechtsweiler.<\/p>\n<p>Im schw\u00e4bischen bedeutet &#8222;Most&#8220; der vollvergorene Obstwein. Er kann aus \u00c4pfel, Birnen, Quitten&#8230; oder deren Kombination sein.<\/p>\n<p>enth\u00e4lt Sulfite<\/p>\n","protected":false},"excerpt":{"rendered":"<p>Abbildung kann abweichen, <strong><em>maximal 12 Flaschen je Versandkostenpauschale<\/em><\/strong><\/p>\n<p>Unseren Schw\u00e4bischen Most keltern wir nur aus handverlesenem Obst von naturbelassenen Streuobstwiesen rund um Erkenbrechtsweiler<\/p>\n","protected":false},"featured_media":2923,"template":"","meta":{"ngg_post_thumbnail":0},"product_cat":[52],"product_tag":[33,30,32],"wpstream_actors":[],"wpstream_category":[],"wpstream_movie_rating":[],"jetpack_publicize_connections":[],"jetpack_sharing_enabled":true,"_links":{"self":[{"href":"https:\/\/mostkrug.de\/A_Wordpress\/wp-json\/wp\/v2\/product\/2886"}],"collection":[{"href":"https:\/\/mostkrug.de\/A_Wordpress\/wp-json\/wp\/v2\/product"}],"about":[{"href":"https:\/\/mostkrug.de\/A_Wordpress\/wp-json\/wp\/v2\/types\/product"}],"wp:featuredmedia":[{"embeddable":true,"href":"https:\/\/mostkrug.de\/A_Wordpress\/wp-json\/wp\/v2\/media\/2923"}],"wp:attachment":[{"href":"https:\/\/mostkrug.de\/A_Wordpress\/wp-json\/wp\/v2\/media?parent=2886"}],"wp:term":[{"taxonomy":"product_cat","embeddable":true,"href":"https:\/\/mostkrug.de\/A_Wordpress\/wp-json\/wp\/v2\/product_cat?post=2886"},{"taxonomy":"product_tag","embeddable":true,"href":"https:\/\/mostkrug.de\/A_Wordpress\/wp-json\/wp\/v2\/product_tag?post=2886"},{"taxonomy":"wpstream_actors","embeddable":true,"href":"https:\/\/mostkrug.de\/A_Wordpress\/wp-json\/wp\/v2\/wpstream_actors?post=2886"},{"taxonomy":"wpstream_category","embeddable":true,"href":"https:\/\/mostkrug.de\/A_Wordpress\/wp-json\/wp\/v2\/wpstream_category?post=2886"},{"taxonomy":"wpstream_movie_rating","embeddable":true,"href":"https:\/\/mostkrug.de\/A_Wordpress\/wp-json\/wp\/v2\/wpstream_movie_rating?post=2886"}],"curies":[{"name":"wp","href":"https:\/\/api.w.org\/{rel}","templated":true}]}}