{"id":31958,"date":"2021-02-15T17:30:54","date_gmt":"2021-02-15T16:30:54","guid":{"rendered":"https:\/\/mostkrug.de\/A_Wordpress\/?post_type=product&#038;p=31958"},"modified":"2021-09-30T14:36:59","modified_gmt":"2021-09-30T12:36:59","slug":"glueh-most-1l-strong-edition-nicht-so-suess-waermt-und-tut-gut","status":"publish","type":"product","link":"https:\/\/mostkrug.de\/A_Wordpress\/produkt\/glueh-most-1l-strong-edition-nicht-so-suess-waermt-und-tut-gut\/","title":{"rendered":"Gl\u00fch-Most 1L *strong edition*, nicht so s\u00fc\u00df, w\u00e4rmt und tut gut"},"content":{"rendered":"<ul>\n<li>aus Apfel-Most, fein abgeschmeckt mit Bio-Orangen, Zimt, Sternanis, Nelke, Rohrzucker<\/li>\n<li>***strong edition***&nbsp; verfeinert mit bestem Quittenbrand<\/li>\n<li>12% vol.<\/li>\n<\/ul>\n<p>NICHT kochen, max 55 \u00b0C &nbsp;<\/p>\n<p>Beste Trinktemperatur 55\u00b0C<br \/>\nUnseren Schw\u00e4bischen Most keltern wir nur aus handverlesenem Obst von naturbelassenen Streuobstwiesen rund um Erkenbrechtsweiler.<\/p>\n<p>Im schw\u00e4bischen bedeutet &#8222;Most&#8220; der vollvergorene Obstwein. Er kann aus \u00c4pfel, Birnen, Quitten&#8230; oder deren Kombination sein.<\/p>\n<p>enth\u00e4lt Sulfite<br \/>\nN\u00e4hrwerte pro 100ml<br \/>\nBrennwert 320 kj<\/p>\n<p>Fruchts\u00e4ure ca. 0,61 g<br \/>\nAlkoholgehalt ca. 12 %<br \/>\nRestzucker 8 g<br \/>\nEiwei\u00df &lt; 0,1 g<br \/>\nKohlenhydrate 15,33 g<br \/>\nFett &lt; 0,1 g<br \/>\nBroteinheiten 23,32\/100ml<\/p>\n<p>&nbsp;<\/p>\n","protected":false},"excerpt":{"rendered":"<p>Abbildung kann abweichen, <strong><em>maximal 12 Flaschen je Versandkostenpauschale<\/em><\/strong><\/p>\n<p>Unseren Schw\u00e4bischen Most keltern wir nur aus handverlesenem Obst von naturbelassenen Streuobstwiesen rund um Erkenbrechtsweiler<\/p>\n","protected":false},"featured_media":36618,"template":"","meta":{"ngg_post_thumbnail":0},"product_cat":[52],"product_tag":[33,30,32],"wpstream_actors":[],"wpstream_category":[],"wpstream_movie_rating":[],"jetpack_publicize_connections":[],"jetpack_sharing_enabled":true,"_links":{"self":[{"href":"https:\/\/mostkrug.de\/A_Wordpress\/wp-json\/wp\/v2\/product\/31958"}],"collection":[{"href":"https:\/\/mostkrug.de\/A_Wordpress\/wp-json\/wp\/v2\/product"}],"about":[{"href":"https:\/\/mostkrug.de\/A_Wordpress\/wp-json\/wp\/v2\/types\/product"}],"wp:featuredmedia":[{"embeddable":true,"href":"https:\/\/mostkrug.de\/A_Wordpress\/wp-json\/wp\/v2\/media\/36618"}],"wp:attachment":[{"href":"https:\/\/mostkrug.de\/A_Wordpress\/wp-json\/wp\/v2\/media?parent=31958"}],"wp:term":[{"taxonomy":"product_cat","embeddable":true,"href":"https:\/\/mostkrug.de\/A_Wordpress\/wp-json\/wp\/v2\/product_cat?post=31958"},{"taxonomy":"product_tag","embeddable":true,"href":"https:\/\/mostkrug.de\/A_Wordpress\/wp-json\/wp\/v2\/product_tag?post=31958"},{"taxonomy":"wpstream_actors","embeddable":true,"href":"https:\/\/mostkrug.de\/A_Wordpress\/wp-json\/wp\/v2\/wpstream_actors?post=31958"},{"taxonomy":"wpstream_category","embeddable":true,"href":"https:\/\/mostkrug.de\/A_Wordpress\/wp-json\/wp\/v2\/wpstream_category?post=31958"},{"taxonomy":"wpstream_movie_rating","embeddable":true,"href":"https:\/\/mostkrug.de\/A_Wordpress\/wp-json\/wp\/v2\/wpstream_movie_rating?post=31958"}],"curies":[{"name":"wp","href":"https:\/\/api.w.org\/{rel}","templated":true}]}}