{"id":81799,"date":"2022-05-29T12:43:31","date_gmt":"2022-05-29T10:43:31","guid":{"rendered":"https:\/\/mostkrug.de\/A_Wordpress\/?post_type=product&#038;p=81799"},"modified":"2024-10-25T11:44:26","modified_gmt":"2024-10-25T09:44:26","slug":"bio-teck-linsen-die-gruenen-500-gr","status":"publish","type":"product","link":"https:\/\/mostkrug.de\/A_Wordpress\/produkt\/bio-teck-linsen-die-gruenen-500-gr\/","title":{"rendered":"Bio-Teck-Linsen &#8222;Die Gr\u00fcnen\u201c 500 gr"},"content":{"rendered":"<p>Bio-Teck-Linsen<br \/>\nhellgr\u00fcne Linsen<\/p>\n<div class=\"n module-type-text diyfeLiveArea \">\n<p>In den f\u00fcnfziger Jahren ist im Lenninger Tal der Linsenanbau eingestellt worden, da niedrige Ertr\u00e4ge<\/p>\n<p>und ein zu hoher Arbeitsaufwand den Linsenanbau uninteressant machten.<br \/>\nSeit 2013 baut, der Biolandhof Gruel, wieder Linsen in der Teckregion an. Unsere steinreichen,<br \/>\nkalkhaltigen B\u00f6den und das geringe Stickstoffangebot im biologischen Anbau sind ideale Voraussetzungen f\u00fcr den Linsenanbau.<br \/>\nDa die kleinen, zarten Pfl\u00e4nzchen umfallen und am Boden verfaulen w\u00fcrden, s\u00e4en wir als St\u00fctzfrucht Hafer aus.<br \/>\nDieses Gemenge verbunden mit einer hohen Anzahl an Ackerwildkr\u00e4utern bietet einen gro\u00dfen Beitrag zur biologischen Artenvielfalt.<br \/>\nBesonderes Lerchen und Wachteln finden auf diesen Fl\u00e4chen beste Lebensbedingungen.<br \/>\n\u00d6kologisches Denken ist uns sehr wichtig, deshalb haben wir auch bei der Verpackung an unsere Umwelt gedacht. Jede &#8222;Teck-Lensa&#8220; &#8211; Verpackung ist zu 100 % kompostierbar.<\/p>\n<\/div>\n<p>&nbsp;<\/p>\n","protected":false},"excerpt":{"rendered":"<p>Bio-Teck-Linsen<\/p>\n","protected":false},"featured_media":81797,"template":"","meta":{"ngg_post_thumbnail":0},"product_cat":[51],"product_tag":[],"wpstream_actors":[],"wpstream_category":[],"wpstream_movie_rating":[],"jetpack_publicize_connections":[],"jetpack_sharing_enabled":true,"_links":{"self":[{"href":"https:\/\/mostkrug.de\/A_Wordpress\/wp-json\/wp\/v2\/product\/81799"}],"collection":[{"href":"https:\/\/mostkrug.de\/A_Wordpress\/wp-json\/wp\/v2\/product"}],"about":[{"href":"https:\/\/mostkrug.de\/A_Wordpress\/wp-json\/wp\/v2\/types\/product"}],"wp:featuredmedia":[{"embeddable":true,"href":"https:\/\/mostkrug.de\/A_Wordpress\/wp-json\/wp\/v2\/media\/81797"}],"wp:attachment":[{"href":"https:\/\/mostkrug.de\/A_Wordpress\/wp-json\/wp\/v2\/media?parent=81799"}],"wp:term":[{"taxonomy":"product_cat","embeddable":true,"href":"https:\/\/mostkrug.de\/A_Wordpress\/wp-json\/wp\/v2\/product_cat?post=81799"},{"taxonomy":"product_tag","embeddable":true,"href":"https:\/\/mostkrug.de\/A_Wordpress\/wp-json\/wp\/v2\/product_tag?post=81799"},{"taxonomy":"wpstream_actors","embeddable":true,"href":"https:\/\/mostkrug.de\/A_Wordpress\/wp-json\/wp\/v2\/wpstream_actors?post=81799"},{"taxonomy":"wpstream_category","embeddable":true,"href":"https:\/\/mostkrug.de\/A_Wordpress\/wp-json\/wp\/v2\/wpstream_category?post=81799"},{"taxonomy":"wpstream_movie_rating","embeddable":true,"href":"https:\/\/mostkrug.de\/A_Wordpress\/wp-json\/wp\/v2\/wpstream_movie_rating?post=81799"}],"curies":[{"name":"wp","href":"https:\/\/api.w.org\/{rel}","templated":true}]}}